{"id":28,"date":"2023-05-26T16:59:53","date_gmt":"2023-05-26T19:59:53","guid":{"rendered":"http:\/\/becferroeaco.com.br\/construcao\/?page_id=28"},"modified":"2023-12-26T09:37:33","modified_gmt":"2023-12-26T12:37:33","slug":"quem-somos","status":"publish","type":"page","link":"https:\/\/becferroeaco.com.br\/construcao\/quem-somos\/","title":{"rendered":"Quem Somos"},"content":{"rendered":"\n<p>Desde 2016 atuando na \u00e1rea da Constru\u00e7\u00e3o Civil, a BEC &#8211; Bastos Engenharia e Constru\u00e7\u00e3o, se dedica a levar ao seu cliente, as melhores solu\u00e7\u00f5es em ferro, a\u00e7o e lajes.<\/p>\n\n\n\n<p>A empresa tem o compromisso de comercializar produtos de alto padr\u00e3o, trabalhando com marcas reconhecidas por garantir resist\u00eancia, durabilidade e qualidade, e que seguem as especifica\u00e7\u00f5es e normas da ABNT e INMETRO.<\/p>\n\n\n\n<p>Apesar de seus clientes serem, principalmente, engenheiros civis, empreiteiros, mestres de obras e pedreiros, a BEC &#8211; Ferro e A\u00e7o se preocupa em levar o melhor resultado e excel\u00eancia na presta\u00e7\u00e3o de servi\u00e7o para o consumidor final, ou seja, o dono da obra.<\/p>\n\n\n\n<p>Consolidada no segmento de com\u00e9rcio de ferro e a\u00e7o, a BEC \u00e9 especializada em compreender as necessidades da obra, analis\u00e1-las e oferecer a melhor solu\u00e7\u00e3o com rela\u00e7\u00e3o a qualidade, seguran\u00e7a e custo-benef\u00edcio.<\/p>\n\n\n\n<p>Conta com uma equipe t\u00e9cnica especializada e capacitada para executar servi\u00e7os padr\u00f5es ou personalizados, que acompanha a evolu\u00e7\u00e3o e mudan\u00e7as tecnol\u00f3gicas dos produtos, assim como da \u00e1rea da constru\u00e7\u00e3o civil como um todo. Tamb\u00e9m, garante transpar\u00eancia e confian\u00e7a na rela\u00e7\u00e3o com clientes, por meio de atendimento \u00e1gil e cordial.<\/p>\n","protected":false},"excerpt":{"rendered":"<p>Desde 2016 atuando na \u00e1rea da Constru\u00e7\u00e3o Civil, a BEC &#8211; Bastos Engenharia e Constru\u00e7\u00e3o, se dedica a levar ao seu cliente, as melhores solu\u00e7\u00f5es em ferro, a\u00e7o e lajes. A empresa tem o compromisso de comercializar produtos de alto padr\u00e3o, trabalhando com marcas reconhecidas por garantir resist\u00eancia, durabilidade e qualidade, e que seguem as [&hellip;]<\/p>\n","protected":false},"author":1,"featured_media":13,"parent":0,"menu_order":0,"comment_status":"closed","ping_status":"closed","template":"","meta":{"footnotes":""},"acf":[],"yoast_head":"<!-- This site is optimized with the Yoast SEO plugin v21.7 - https:\/\/yoast.com\/wordpress\/plugins\/seo\/ -->\n<title>BEC \u2022 Bastos Engenharia e Constru\u00e7\u00e3o<\/title>\n<meta name=\"description\" content=\"Compromisso em comercializar produtos de alto padr\u00e3o, de marcas reconhecidas e que seguem as especifica\u00e7\u00f5es e normas da ABNT e INMETRO.\" \/>\n<meta name=\"robots\" content=\"index, follow, max-snippet:-1, max-image-preview:large, max-video-preview:-1\" \/>\n<link rel=\"canonical\" href=\"https:\/\/becferroeaco.com.br\/construcao\/quem-somos\/\" \/>\n<meta property=\"og:locale\" content=\"pt_BR\" \/>\n<meta property=\"og:type\" content=\"article\" \/>\n<meta property=\"og:title\" content=\"BEC \u2022 Bastos Engenharia e Constru\u00e7\u00e3o\" \/>\n<meta property=\"og:description\" content=\"Compromisso em comercializar produtos de alto padr\u00e3o, de marcas reconhecidas e que seguem as especifica\u00e7\u00f5es e normas da ABNT e INMETRO.\" \/>\n<meta property=\"og:url\" content=\"https:\/\/becferroeaco.com.br\/construcao\/quem-somos\/\" \/>\n<meta property=\"og:site_name\" content=\"BEC Ferro e A\u00e7o - Bastos Engenharia e Constru\u00e7\u00e3o Civil\" \/>\n<meta property=\"article:modified_time\" content=\"2023-12-26T12:37:33+00:00\" \/>\n<meta property=\"og:image\" content=\"https:\/\/becferroeaco.com.br\/construcao\/wp-content\/uploads\/2023\/05\/imagem-1920x1080-slider-a.jpg\" \/>\n\t<meta property=\"og:image:width\" content=\"1920\" \/>\n\t<meta property=\"og:image:height\" content=\"1080\" \/>\n\t<meta property=\"og:image:type\" content=\"image\/jpeg\" \/>\n<meta name=\"twitter:card\" content=\"summary_large_image\" \/>\n<meta name=\"twitter:label1\" content=\"Est. tempo de leitura\" \/>\n\t<meta name=\"twitter:data1\" content=\"2 minutos\" \/>\n<script type=\"application\/ld+json\" class=\"yoast-schema-graph\">{\"@context\":\"https:\/\/schema.org\",\"@graph\":[{\"@type\":\"WebPage\",\"@id\":\"https:\/\/becferroeaco.com.br\/construcao\/quem-somos\/\",\"url\":\"https:\/\/becferroeaco.com.br\/construcao\/quem-somos\/\",\"name\":\"BEC \u2022 Bastos Engenharia e Constru\u00e7\u00e3o\",\"isPartOf\":{\"@id\":\"https:\/\/becferroeaco.com.br\/construcao\/#website\"},\"datePublished\":\"2023-05-26T19:59:53+00:00\",\"dateModified\":\"2023-12-26T12:37:33+00:00\",\"description\":\"Compromisso em comercializar produtos de alto padr\u00e3o, de marcas reconhecidas e que seguem as especifica\u00e7\u00f5es e normas da ABNT e INMETRO.\",\"breadcrumb\":{\"@id\":\"https:\/\/becferroeaco.com.br\/construcao\/quem-somos\/#breadcrumb\"},\"inLanguage\":\"pt-BR\",\"potentialAction\":[{\"@type\":\"ReadAction\",\"target\":[\"https:\/\/becferroeaco.com.br\/construcao\/quem-somos\/\"]}]},{\"@type\":\"BreadcrumbList\",\"@id\":\"https:\/\/becferroeaco.com.br\/construcao\/quem-somos\/#breadcrumb\",\"itemListElement\":[{\"@type\":\"ListItem\",\"position\":1,\"name\":\"In\u00edcio\",\"item\":\"https:\/\/becferroeaco.com.br\/construcao\/\"},{\"@type\":\"ListItem\",\"position\":2,\"name\":\"Quem Somos\"}]},{\"@type\":\"WebSite\",\"@id\":\"https:\/\/becferroeaco.com.br\/construcao\/#website\",\"url\":\"https:\/\/becferroeaco.com.br\/construcao\/\",\"name\":\"BEC Ferro e A\u00e7o - Bastos Engenharia e Constru\u00e7\u00e3o Civil\",\"description\":\"Fabrica\u00e7\u00e3o e com\u00e9rcio de vergalh\u00f5es, arma\u00e7\u00f5es sob medida, arames, pregos, entre outros\",\"publisher\":{\"@id\":\"https:\/\/becferroeaco.com.br\/construcao\/#organization\"},\"potentialAction\":[{\"@type\":\"SearchAction\",\"target\":{\"@type\":\"EntryPoint\",\"urlTemplate\":\"https:\/\/becferroeaco.com.br\/construcao\/?s={search_term_string}\"},\"query-input\":\"required name=search_term_string\"}],\"inLanguage\":\"pt-BR\"},{\"@type\":\"Organization\",\"@id\":\"https:\/\/becferroeaco.com.br\/construcao\/#organization\",\"name\":\"BEC Ferro e A\u00e7o - Bastos Engenharia e Constru\u00e7\u00e3o Civil\",\"url\":\"https:\/\/becferroeaco.com.br\/construcao\/\",\"logo\":{\"@type\":\"ImageObject\",\"inLanguage\":\"pt-BR\",\"@id\":\"https:\/\/becferroeaco.com.br\/construcao\/#\/schema\/logo\/image\/\",\"url\":\"http:\/\/becferroeaco.com.br\/construcao\/wp-content\/uploads\/2023\/06\/logo-bec-ferro-aco.jpg\",\"contentUrl\":\"http:\/\/becferroeaco.com.br\/construcao\/wp-content\/uploads\/2023\/06\/logo-bec-ferro-aco.jpg\",\"width\":800,\"height\":800,\"caption\":\"BEC Ferro e A\u00e7o - Bastos Engenharia e Constru\u00e7\u00e3o Civil\"},\"image\":{\"@id\":\"https:\/\/becferroeaco.com.br\/construcao\/#\/schema\/logo\/image\/\"}}]}<\/script>\n<!-- \/ Yoast SEO plugin. -->","yoast_head_json":{"title":"BEC \u2022 Bastos Engenharia e Constru\u00e7\u00e3o","description":"Compromisso em comercializar produtos de alto padr\u00e3o, de marcas reconhecidas e que seguem as especifica\u00e7\u00f5es e normas da ABNT e INMETRO.","robots":{"index":"index","follow":"follow","max-snippet":"max-snippet:-1","max-image-preview":"max-image-preview:large","max-video-preview":"max-video-preview:-1"},"canonical":"https:\/\/becferroeaco.com.br\/construcao\/quem-somos\/","og_locale":"pt_BR","og_type":"article","og_title":"BEC \u2022 Bastos Engenharia e Constru\u00e7\u00e3o","og_description":"Compromisso em comercializar produtos de alto padr\u00e3o, de marcas reconhecidas e que seguem as especifica\u00e7\u00f5es e normas da ABNT e INMETRO.","og_url":"https:\/\/becferroeaco.com.br\/construcao\/quem-somos\/","og_site_name":"BEC Ferro e A\u00e7o - Bastos Engenharia e Constru\u00e7\u00e3o Civil","article_modified_time":"2023-12-26T12:37:33+00:00","og_image":[{"width":1920,"height":1080,"url":"https:\/\/becferroeaco.com.br\/construcao\/wp-content\/uploads\/2023\/05\/imagem-1920x1080-slider-a.jpg","type":"image\/jpeg"}],"twitter_card":"summary_large_image","twitter_misc":{"Est. tempo de leitura":"2 minutos"},"schema":{"@context":"https:\/\/schema.org","@graph":[{"@type":"WebPage","@id":"https:\/\/becferroeaco.com.br\/construcao\/quem-somos\/","url":"https:\/\/becferroeaco.com.br\/construcao\/quem-somos\/","name":"BEC \u2022 Bastos Engenharia e Constru\u00e7\u00e3o","isPartOf":{"@id":"https:\/\/becferroeaco.com.br\/construcao\/#website"},"datePublished":"2023-05-26T19:59:53+00:00","dateModified":"2023-12-26T12:37:33+00:00","description":"Compromisso em comercializar produtos de alto padr\u00e3o, de marcas reconhecidas e que seguem as especifica\u00e7\u00f5es e normas da ABNT e INMETRO.","breadcrumb":{"@id":"https:\/\/becferroeaco.com.br\/construcao\/quem-somos\/#breadcrumb"},"inLanguage":"pt-BR","potentialAction":[{"@type":"ReadAction","target":["https:\/\/becferroeaco.com.br\/construcao\/quem-somos\/"]}]},{"@type":"BreadcrumbList","@id":"https:\/\/becferroeaco.com.br\/construcao\/quem-somos\/#breadcrumb","itemListElement":[{"@type":"ListItem","position":1,"name":"In\u00edcio","item":"https:\/\/becferroeaco.com.br\/construcao\/"},{"@type":"ListItem","position":2,"name":"Quem Somos"}]},{"@type":"WebSite","@id":"https:\/\/becferroeaco.com.br\/construcao\/#website","url":"https:\/\/becferroeaco.com.br\/construcao\/","name":"BEC Ferro e A\u00e7o - Bastos Engenharia e Constru\u00e7\u00e3o Civil","description":"Fabrica\u00e7\u00e3o e com\u00e9rcio de vergalh\u00f5es, arma\u00e7\u00f5es sob medida, arames, pregos, entre outros","publisher":{"@id":"https:\/\/becferroeaco.com.br\/construcao\/#organization"},"potentialAction":[{"@type":"SearchAction","target":{"@type":"EntryPoint","urlTemplate":"https:\/\/becferroeaco.com.br\/construcao\/?s={search_term_string}"},"query-input":"required name=search_term_string"}],"inLanguage":"pt-BR"},{"@type":"Organization","@id":"https:\/\/becferroeaco.com.br\/construcao\/#organization","name":"BEC Ferro e A\u00e7o - Bastos Engenharia e Constru\u00e7\u00e3o Civil","url":"https:\/\/becferroeaco.com.br\/construcao\/","logo":{"@type":"ImageObject","inLanguage":"pt-BR","@id":"https:\/\/becferroeaco.com.br\/construcao\/#\/schema\/logo\/image\/","url":"http:\/\/becferroeaco.com.br\/construcao\/wp-content\/uploads\/2023\/06\/logo-bec-ferro-aco.jpg","contentUrl":"http:\/\/becferroeaco.com.br\/construcao\/wp-content\/uploads\/2023\/06\/logo-bec-ferro-aco.jpg","width":800,"height":800,"caption":"BEC Ferro e A\u00e7o - Bastos Engenharia e Constru\u00e7\u00e3o Civil"},"image":{"@id":"https:\/\/becferroeaco.com.br\/construcao\/#\/schema\/logo\/image\/"}}]}},"_links":{"self":[{"href":"https:\/\/becferroeaco.com.br\/construcao\/wp-json\/wp\/v2\/pages\/28"}],"collection":[{"href":"https:\/\/becferroeaco.com.br\/construcao\/wp-json\/wp\/v2\/pages"}],"about":[{"href":"https:\/\/becferroeaco.com.br\/construcao\/wp-json\/wp\/v2\/types\/page"}],"author":[{"embeddable":true,"href":"https:\/\/becferroeaco.com.br\/construcao\/wp-json\/wp\/v2\/users\/1"}],"replies":[{"embeddable":true,"href":"https:\/\/becferroeaco.com.br\/construcao\/wp-json\/wp\/v2\/comments?post=28"}],"version-history":[{"count":12,"href":"https:\/\/becferroeaco.com.br\/construcao\/wp-json\/wp\/v2\/pages\/28\/revisions"}],"predecessor-version":[{"id":702,"href":"https:\/\/becferroeaco.com.br\/construcao\/wp-json\/wp\/v2\/pages\/28\/revisions\/702"}],"wp:featuredmedia":[{"embeddable":true,"href":"https:\/\/becferroeaco.com.br\/construcao\/wp-json\/wp\/v2\/media\/13"}],"wp:attachment":[{"href":"https:\/\/becferroeaco.com.br\/construcao\/wp-json\/wp\/v2\/media?parent=28"}],"curies":[{"name":"wp","href":"https:\/\/api.w.org\/{rel}","templated":true}]}}