{"id":179,"date":"2023-06-11T10:53:44","date_gmt":"2023-06-11T13:53:44","guid":{"rendered":"https:\/\/becferroeaco.com.br\/construcao\/?post_type=product&#038;p=179"},"modified":"2026-02-22T14:50:15","modified_gmt":"2026-02-22T17:50:15","slug":"obras-construcao-civil-bloco-de-coroamento-sapata-40x40x30cm","status":"publish","type":"product","link":"https:\/\/becferroeaco.com.br\/construcao\/catalogo\/produtos\/sapatas-blocos-coroamento\/obras-construcao-civil-bloco-de-coroamento-sapata-40x40x30cm\/","title":{"rendered":"Bloco de Coroamento Sapata 40 x 40 x 30 cm 6 \u00d8 10 mm"},"content":{"rendered":"","protected":false},"excerpt":{"rendered":"<div class=\"wp-block-button has-custom-font-size has-small-font-size mb-4\" style=\"font-style:normal;font-weight:700\"><a class=\"wp-block-button__link has-background wp-element-button\" href=\"https:\/\/wa.me\/\/5511953231523?text=Muito%20obrigado%20pelo%20contato.%20Clique%20para%20iniciar%20a%20conversa%20com%20a%20BEC%20Ferro%20e%20A%C3%A7o\" style=\"background-color:#be1919; color:#fff;\" target=\"_blank\" rel=\"noreferrer noopener\">Or\u00e7amento via WhatsApp<\/a><\/div>\n<p>As <strong>sapatas<\/strong> recebem as cargas dos pilares e as distribui diretamente no solo ou funda\u00e7\u00e3o. Poupe tempo e dinheiro em sua obra, com a utiliza\u00e7\u00e3o das <strong>sapatas (ou blocos de coroamento)<\/strong>, pois s\u00e3o produzidas nas dimens\u00f5es exatas, com a qualidade <strong><a href=\"https:\/\/becferroeaco.com.br\/construcao\/produto\/obras-construcao-civil-vergalhao-ca50-soldavel\/\">CA 50 Sold\u00e1vel<\/a><\/strong> e prontas para serem usadas.<\/p>\n<h3>Deseja mais informa\u00e7\u00f5es sobre Bloco de Coroamento Sapata 40 x 40 x 30 cm 6 \u00d8 10 mm<\/h3>\n<p>Entre em contato pelo <strong><a class=\"addlinkredcolor\" href=\"https:\/\/wa.me\/\/5511953231523?text=Muito%20obrigado%20pelo%20contato.%20Clique%20para%20iniciar%20a%20conversa%20com%20a%20BEC%20Ferro%20e%20A%C3%A7o\" target=\"_blank\" rel=\"noreferrer noopener\">whatsapp <i class=\"fa-brands fa-whatsapp\" aria-hidden=\"true\"><\/i> 11 95323-1523<\/a><\/strong> e saiba como as <strong>Sapatas 40 x 40 x 30 cm 6 \u00d8 10 mm<\/strong> pode ajudar voc\u00ea a ganhar tempo, economizar dinheiro e melhorar a organiza\u00e7\u00e3o de sua obra.<\/p>\n","protected":false},"featured_media":959,"comment_status":"open","ping_status":"closed","template":"","meta":[],"product_cat":[60],"product_tag":[43],"acf":[],"yoast_head":"<!-- This site is optimized with the Yoast SEO plugin v21.7 - https:\/\/yoast.com\/wordpress\/plugins\/seo\/ -->\n<title>Sapata 40 x 40 x 30 cm \u2022 Reforma e Constru\u00e7\u00e3o \u2022 BEC Ferro e A\u00e7o<\/title>\n<meta name=\"description\" content=\"Poupe tempo e dinheiro em sua obra com a utiliza\u00e7\u00e3o das Sapatas 40 x 40 x 30 cm 6 \u00d8 10 mm. S\u00e3o produzidas nas dimens\u00f5es exatas, com vergalh\u00f5es de qualidade.\" \/>\n<meta name=\"robots\" content=\"index, follow, max-snippet:-1, max-image-preview:large, max-video-preview:-1\" \/>\n<link rel=\"canonical\" href=\"https:\/\/becferroeaco.com.br\/construcao\/catalogo\/produtos\/sapatas-blocos-coroamento\/obras-construcao-civil-bloco-de-coroamento-sapata-40x40x30cm\/\" \/>\n<meta property=\"og:locale\" content=\"pt_BR\" \/>\n<meta property=\"og:type\" content=\"article\" \/>\n<meta property=\"og:title\" content=\"Sapata 40 x 40 x 30 cm \u2022 Reforma e Constru\u00e7\u00e3o \u2022 BEC Ferro e A\u00e7o\" \/>\n<meta property=\"og:description\" content=\"Poupe tempo e dinheiro em sua obra com a utiliza\u00e7\u00e3o das Sapatas 40 x 40 x 30 cm 6 \u00d8 10 mm. S\u00e3o produzidas nas dimens\u00f5es exatas, com vergalh\u00f5es de qualidade.\" \/>\n<meta property=\"og:url\" content=\"https:\/\/becferroeaco.com.br\/construcao\/catalogo\/produtos\/sapatas-blocos-coroamento\/obras-construcao-civil-bloco-de-coroamento-sapata-40x40x30cm\/\" \/>\n<meta property=\"og:site_name\" content=\"BEC Ferro e A\u00e7o - Bastos Engenharia e Constru\u00e7\u00e3o Civil\" \/>\n<meta property=\"article:modified_time\" content=\"2026-02-22T17:50:15+00:00\" \/>\n<meta property=\"og:image\" content=\"https:\/\/becferroeaco.com.br\/construcao\/wp-content\/uploads\/2023\/06\/imagem-1920x1080-padrao-sapata-1.jpg\" \/>\n\t<meta property=\"og:image:width\" content=\"1920\" \/>\n\t<meta property=\"og:image:height\" content=\"1080\" \/>\n\t<meta property=\"og:image:type\" content=\"image\/jpeg\" \/>\n<meta name=\"twitter:card\" content=\"summary_large_image\" \/>\n<meta name=\"twitter:label1\" content=\"Est. tempo de leitura\" \/>\n\t<meta name=\"twitter:data1\" content=\"1 minuto\" \/>\n<script type=\"application\/ld+json\" class=\"yoast-schema-graph\">{\"@context\":\"https:\/\/schema.org\",\"@graph\":[{\"@type\":\"WebPage\",\"@id\":\"https:\/\/becferroeaco.com.br\/construcao\/catalogo\/produtos\/sapatas-blocos-coroamento\/obras-construcao-civil-bloco-de-coroamento-sapata-40x40x30cm\/\",\"url\":\"https:\/\/becferroeaco.com.br\/construcao\/catalogo\/produtos\/sapatas-blocos-coroamento\/obras-construcao-civil-bloco-de-coroamento-sapata-40x40x30cm\/\",\"name\":\"Sapata 40 x 40 x 30 cm \u2022 Reforma e Constru\u00e7\u00e3o \u2022 BEC Ferro e A\u00e7o\",\"isPartOf\":{\"@id\":\"https:\/\/becferroeaco.com.br\/construcao\/#website\"},\"datePublished\":\"2023-06-11T13:53:44+00:00\",\"dateModified\":\"2026-02-22T17:50:15+00:00\",\"description\":\"Poupe tempo e dinheiro em sua obra com a utiliza\u00e7\u00e3o das Sapatas 40 x 40 x 30 cm 6 \u00d8 10 mm. S\u00e3o produzidas nas dimens\u00f5es exatas, com vergalh\u00f5es de qualidade.\",\"breadcrumb\":{\"@id\":\"https:\/\/becferroeaco.com.br\/construcao\/catalogo\/produtos\/sapatas-blocos-coroamento\/obras-construcao-civil-bloco-de-coroamento-sapata-40x40x30cm\/#breadcrumb\"},\"inLanguage\":\"pt-BR\",\"potentialAction\":[{\"@type\":\"ReadAction\",\"target\":[\"https:\/\/becferroeaco.com.br\/construcao\/catalogo\/produtos\/sapatas-blocos-coroamento\/obras-construcao-civil-bloco-de-coroamento-sapata-40x40x30cm\/\"]}]},{\"@type\":\"BreadcrumbList\",\"@id\":\"https:\/\/becferroeaco.com.br\/construcao\/catalogo\/produtos\/sapatas-blocos-coroamento\/obras-construcao-civil-bloco-de-coroamento-sapata-40x40x30cm\/#breadcrumb\",\"itemListElement\":[{\"@type\":\"ListItem\",\"position\":1,\"name\":\"In\u00edcio\",\"item\":\"https:\/\/becferroeaco.com.br\/construcao\/\"},{\"@type\":\"ListItem\",\"position\":2,\"name\":\"Linha Completa de Produtos\",\"item\":\"https:\/\/becferroeaco.com.br\/construcao\/loja\/\"},{\"@type\":\"ListItem\",\"position\":3,\"name\":\"Bloco de Coroamento Sapata 40 x 40 x 30 cm 6 \u00d8 10 mm\"}]},{\"@type\":\"WebSite\",\"@id\":\"https:\/\/becferroeaco.com.br\/construcao\/#website\",\"url\":\"https:\/\/becferroeaco.com.br\/construcao\/\",\"name\":\"BEC Ferro e A\u00e7o - Bastos Engenharia e Constru\u00e7\u00e3o Civil\",\"description\":\"Fabrica\u00e7\u00e3o e com\u00e9rcio de vergalh\u00f5es, arma\u00e7\u00f5es sob medida, arames, pregos, entre outros\",\"publisher\":{\"@id\":\"https:\/\/becferroeaco.com.br\/construcao\/#organization\"},\"potentialAction\":[{\"@type\":\"SearchAction\",\"target\":{\"@type\":\"EntryPoint\",\"urlTemplate\":\"https:\/\/becferroeaco.com.br\/construcao\/?s={search_term_string}\"},\"query-input\":\"required name=search_term_string\"}],\"inLanguage\":\"pt-BR\"},{\"@type\":\"Organization\",\"@id\":\"https:\/\/becferroeaco.com.br\/construcao\/#organization\",\"name\":\"BEC Ferro e A\u00e7o - Bastos Engenharia e Constru\u00e7\u00e3o Civil\",\"url\":\"https:\/\/becferroeaco.com.br\/construcao\/\",\"logo\":{\"@type\":\"ImageObject\",\"inLanguage\":\"pt-BR\",\"@id\":\"https:\/\/becferroeaco.com.br\/construcao\/#\/schema\/logo\/image\/\",\"url\":\"http:\/\/becferroeaco.com.br\/construcao\/wp-content\/uploads\/2023\/06\/logo-bec-ferro-aco.jpg\",\"contentUrl\":\"http:\/\/becferroeaco.com.br\/construcao\/wp-content\/uploads\/2023\/06\/logo-bec-ferro-aco.jpg\",\"width\":800,\"height\":800,\"caption\":\"BEC Ferro e A\u00e7o - Bastos Engenharia e Constru\u00e7\u00e3o Civil\"},\"image\":{\"@id\":\"https:\/\/becferroeaco.com.br\/construcao\/#\/schema\/logo\/image\/\"}}]}<\/script>\n<!-- \/ Yoast SEO plugin. -->","yoast_head_json":{"title":"Sapata 40 x 40 x 30 cm \u2022 Reforma e Constru\u00e7\u00e3o \u2022 BEC Ferro e A\u00e7o","description":"Poupe tempo e dinheiro em sua obra com a utiliza\u00e7\u00e3o das Sapatas 40 x 40 x 30 cm 6 \u00d8 10 mm. S\u00e3o produzidas nas dimens\u00f5es exatas, com vergalh\u00f5es de qualidade.","robots":{"index":"index","follow":"follow","max-snippet":"max-snippet:-1","max-image-preview":"max-image-preview:large","max-video-preview":"max-video-preview:-1"},"canonical":"https:\/\/becferroeaco.com.br\/construcao\/catalogo\/produtos\/sapatas-blocos-coroamento\/obras-construcao-civil-bloco-de-coroamento-sapata-40x40x30cm\/","og_locale":"pt_BR","og_type":"article","og_title":"Sapata 40 x 40 x 30 cm \u2022 Reforma e Constru\u00e7\u00e3o \u2022 BEC Ferro e A\u00e7o","og_description":"Poupe tempo e dinheiro em sua obra com a utiliza\u00e7\u00e3o das Sapatas 40 x 40 x 30 cm 6 \u00d8 10 mm. S\u00e3o produzidas nas dimens\u00f5es exatas, com vergalh\u00f5es de qualidade.","og_url":"https:\/\/becferroeaco.com.br\/construcao\/catalogo\/produtos\/sapatas-blocos-coroamento\/obras-construcao-civil-bloco-de-coroamento-sapata-40x40x30cm\/","og_site_name":"BEC Ferro e A\u00e7o - Bastos Engenharia e Constru\u00e7\u00e3o Civil","article_modified_time":"2026-02-22T17:50:15+00:00","og_image":[{"width":1920,"height":1080,"url":"https:\/\/becferroeaco.com.br\/construcao\/wp-content\/uploads\/2023\/06\/imagem-1920x1080-padrao-sapata-1.jpg","type":"image\/jpeg"}],"twitter_card":"summary_large_image","twitter_misc":{"Est. tempo de leitura":"1 minuto"},"schema":{"@context":"https:\/\/schema.org","@graph":[{"@type":"WebPage","@id":"https:\/\/becferroeaco.com.br\/construcao\/catalogo\/produtos\/sapatas-blocos-coroamento\/obras-construcao-civil-bloco-de-coroamento-sapata-40x40x30cm\/","url":"https:\/\/becferroeaco.com.br\/construcao\/catalogo\/produtos\/sapatas-blocos-coroamento\/obras-construcao-civil-bloco-de-coroamento-sapata-40x40x30cm\/","name":"Sapata 40 x 40 x 30 cm \u2022 Reforma e Constru\u00e7\u00e3o \u2022 BEC Ferro e A\u00e7o","isPartOf":{"@id":"https:\/\/becferroeaco.com.br\/construcao\/#website"},"datePublished":"2023-06-11T13:53:44+00:00","dateModified":"2026-02-22T17:50:15+00:00","description":"Poupe tempo e dinheiro em sua obra com a utiliza\u00e7\u00e3o das Sapatas 40 x 40 x 30 cm 6 \u00d8 10 mm. S\u00e3o produzidas nas dimens\u00f5es exatas, com vergalh\u00f5es de qualidade.","breadcrumb":{"@id":"https:\/\/becferroeaco.com.br\/construcao\/catalogo\/produtos\/sapatas-blocos-coroamento\/obras-construcao-civil-bloco-de-coroamento-sapata-40x40x30cm\/#breadcrumb"},"inLanguage":"pt-BR","potentialAction":[{"@type":"ReadAction","target":["https:\/\/becferroeaco.com.br\/construcao\/catalogo\/produtos\/sapatas-blocos-coroamento\/obras-construcao-civil-bloco-de-coroamento-sapata-40x40x30cm\/"]}]},{"@type":"BreadcrumbList","@id":"https:\/\/becferroeaco.com.br\/construcao\/catalogo\/produtos\/sapatas-blocos-coroamento\/obras-construcao-civil-bloco-de-coroamento-sapata-40x40x30cm\/#breadcrumb","itemListElement":[{"@type":"ListItem","position":1,"name":"In\u00edcio","item":"https:\/\/becferroeaco.com.br\/construcao\/"},{"@type":"ListItem","position":2,"name":"Linha Completa de Produtos","item":"https:\/\/becferroeaco.com.br\/construcao\/loja\/"},{"@type":"ListItem","position":3,"name":"Bloco de Coroamento Sapata 40 x 40 x 30 cm 6 \u00d8 10 mm"}]},{"@type":"WebSite","@id":"https:\/\/becferroeaco.com.br\/construcao\/#website","url":"https:\/\/becferroeaco.com.br\/construcao\/","name":"BEC Ferro e A\u00e7o - Bastos Engenharia e Constru\u00e7\u00e3o Civil","description":"Fabrica\u00e7\u00e3o e com\u00e9rcio de vergalh\u00f5es, arma\u00e7\u00f5es sob medida, arames, pregos, entre outros","publisher":{"@id":"https:\/\/becferroeaco.com.br\/construcao\/#organization"},"potentialAction":[{"@type":"SearchAction","target":{"@type":"EntryPoint","urlTemplate":"https:\/\/becferroeaco.com.br\/construcao\/?s={search_term_string}"},"query-input":"required name=search_term_string"}],"inLanguage":"pt-BR"},{"@type":"Organization","@id":"https:\/\/becferroeaco.com.br\/construcao\/#organization","name":"BEC Ferro e A\u00e7o - Bastos Engenharia e Constru\u00e7\u00e3o Civil","url":"https:\/\/becferroeaco.com.br\/construcao\/","logo":{"@type":"ImageObject","inLanguage":"pt-BR","@id":"https:\/\/becferroeaco.com.br\/construcao\/#\/schema\/logo\/image\/","url":"http:\/\/becferroeaco.com.br\/construcao\/wp-content\/uploads\/2023\/06\/logo-bec-ferro-aco.jpg","contentUrl":"http:\/\/becferroeaco.com.br\/construcao\/wp-content\/uploads\/2023\/06\/logo-bec-ferro-aco.jpg","width":800,"height":800,"caption":"BEC Ferro e A\u00e7o - Bastos Engenharia e Constru\u00e7\u00e3o Civil"},"image":{"@id":"https:\/\/becferroeaco.com.br\/construcao\/#\/schema\/logo\/image\/"}}]}},"_links":{"self":[{"href":"https:\/\/becferroeaco.com.br\/construcao\/wp-json\/wp\/v2\/product\/179"}],"collection":[{"href":"https:\/\/becferroeaco.com.br\/construcao\/wp-json\/wp\/v2\/product"}],"about":[{"href":"https:\/\/becferroeaco.com.br\/construcao\/wp-json\/wp\/v2\/types\/product"}],"replies":[{"embeddable":true,"href":"https:\/\/becferroeaco.com.br\/construcao\/wp-json\/wp\/v2\/comments?post=179"}],"wp:featuredmedia":[{"embeddable":true,"href":"https:\/\/becferroeaco.com.br\/construcao\/wp-json\/wp\/v2\/media\/959"}],"wp:attachment":[{"href":"https:\/\/becferroeaco.com.br\/construcao\/wp-json\/wp\/v2\/media?parent=179"}],"wp:term":[{"taxonomy":"product_cat","embeddable":true,"href":"https:\/\/becferroeaco.com.br\/construcao\/wp-json\/wp\/v2\/product_cat?post=179"},{"taxonomy":"product_tag","embeddable":true,"href":"https:\/\/becferroeaco.com.br\/construcao\/wp-json\/wp\/v2\/product_tag?post=179"}],"curies":[{"name":"wp","href":"https:\/\/api.w.org\/{rel}","templated":true}]}}