{"id":188,"date":"2023-06-11T15:25:16","date_gmt":"2023-06-11T18:25:16","guid":{"rendered":"https:\/\/becferroeaco.com.br\/construcao\/?post_type=product&#038;p=188"},"modified":"2026-01-03T20:49:24","modified_gmt":"2026-01-03T23:49:24","slug":"obras-construcao-civil-estribos","status":"publish","type":"product","link":"https:\/\/becferroeaco.com.br\/construcao\/catalogo\/produtos\/armacoes-sob-medida\/obras-construcao-civil-estribos\/","title":{"rendered":"Estribos"},"content":{"rendered":"<p><a href=\"http:\/\/becferroeaco.com.br\/construcao\/wp-content\/uploads\/2023\/06\/estribos-tabela1.jpg\" rel=\"lightbox[188]\"><img loading=\"lazy\" decoding=\"async\" class=\"alignnone size-full wp-image-271\" src=\"http:\/\/becferroeaco.com.br\/construcao\/wp-content\/uploads\/2023\/06\/estribos-tabela1.jpg\" alt=\"Tabela de Estribos\" width=\"900\" height=\"1175\" srcset=\"https:\/\/becferroeaco.com.br\/construcao\/wp-content\/uploads\/2023\/06\/estribos-tabela1.jpg 900w, https:\/\/becferroeaco.com.br\/construcao\/wp-content\/uploads\/2023\/06\/estribos-tabela1-600x783.jpg 600w, https:\/\/becferroeaco.com.br\/construcao\/wp-content\/uploads\/2023\/06\/estribos-tabela1-230x300.jpg 230w, https:\/\/becferroeaco.com.br\/construcao\/wp-content\/uploads\/2023\/06\/estribos-tabela1-784x1024.jpg 784w, https:\/\/becferroeaco.com.br\/construcao\/wp-content\/uploads\/2023\/06\/estribos-tabela1-768x1003.jpg 768w\" sizes=\"(max-width: 900px) 100vw, 900px\" \/><\/a><\/p>\n","protected":false},"excerpt":{"rendered":"<p>Montados sob medida e nos formatos quadrados, retangulares, ovalares, hexagonais, octogonais ou no formato que a sua obra necessitar, os estribos s\u00e3o aplicados em autoconstru\u00e7\u00e3o, pilares e <a href=\"https:\/\/becferroeaco.com.br\/construcao\/produto\/obras-construcao-civil-vigas\/\">vigas<\/a>. Saiba mais pelo <strong><a href=\"https:\/\/wa.me\/\/5511953231523?text=Muito%20obrigado%20pelo%20contato.%20Clique%20para%20iniciar%20a%20conversa%20com%20a%20BEC%20Ferro%20e%20A%C3%A7o\" target=\"_blank\" rel=\"noopener\">whatsapp<\/a><\/strong>.<\/p>\n<p>Os estribos j\u00e1 v\u00eam prontos e possuem medidas exatas, reduzindo o tempo de arma\u00e7\u00e3o das vigas, colunas, baldrames, vergas e contravergas.<\/p>\n","protected":false},"featured_media":715,"comment_status":"open","ping_status":"closed","template":"","meta":[],"product_cat":[22],"product_tag":[42],"acf":[],"yoast_head":"<!-- This site is optimized with the Yoast SEO plugin v21.7 - https:\/\/yoast.com\/wordpress\/plugins\/seo\/ -->\n<title>Estribos \u2022 Constru\u00e7\u00e3o \u2022 BEC Ferro e A\u00e7o<\/title>\n<meta name=\"description\" content=\"Montados sob medida e no formato que a sua obra necessitar, os estribos s\u00e3o aplicados em autoconstru\u00e7\u00e3o, pilares e vigas, reduzindo o tempo de arma\u00e7\u00e3o.\" \/>\n<meta name=\"robots\" content=\"index, follow, max-snippet:-1, max-image-preview:large, max-video-preview:-1\" \/>\n<link rel=\"canonical\" href=\"https:\/\/becferroeaco.com.br\/construcao\/catalogo\/produtos\/armacoes-sob-medida\/obras-construcao-civil-estribos\/\" \/>\n<meta property=\"og:locale\" content=\"pt_BR\" \/>\n<meta property=\"og:type\" content=\"article\" \/>\n<meta property=\"og:title\" content=\"Estribos \u2022 Constru\u00e7\u00e3o \u2022 BEC Ferro e A\u00e7o\" \/>\n<meta property=\"og:description\" content=\"Montados sob medida e no formato que a sua obra necessitar, os estribos s\u00e3o aplicados em autoconstru\u00e7\u00e3o, pilares e vigas, reduzindo o tempo de arma\u00e7\u00e3o.\" \/>\n<meta property=\"og:url\" content=\"https:\/\/becferroeaco.com.br\/construcao\/catalogo\/produtos\/armacoes-sob-medida\/obras-construcao-civil-estribos\/\" \/>\n<meta property=\"og:site_name\" content=\"BEC Ferro e A\u00e7o - Bastos Engenharia e Constru\u00e7\u00e3o Civil\" \/>\n<meta property=\"article:modified_time\" content=\"2026-01-03T23:49:24+00:00\" \/>\n<meta property=\"og:image\" content=\"https:\/\/becferroeaco.com.br\/construcao\/wp-content\/uploads\/2023\/06\/destaques-bec-produtos-google-shopping-estribos.jpg\" \/>\n\t<meta property=\"og:image:width\" content=\"1920\" \/>\n\t<meta property=\"og:image:height\" content=\"1080\" \/>\n\t<meta property=\"og:image:type\" content=\"image\/jpeg\" \/>\n<meta name=\"twitter:card\" content=\"summary_large_image\" \/>\n<meta name=\"twitter:label1\" content=\"Est. tempo de leitura\" \/>\n\t<meta name=\"twitter:data1\" content=\"1 minuto\" \/>\n<script type=\"application\/ld+json\" class=\"yoast-schema-graph\">{\"@context\":\"https:\/\/schema.org\",\"@graph\":[{\"@type\":\"WebPage\",\"@id\":\"https:\/\/becferroeaco.com.br\/construcao\/catalogo\/produtos\/armacoes-sob-medida\/obras-construcao-civil-estribos\/\",\"url\":\"https:\/\/becferroeaco.com.br\/construcao\/catalogo\/produtos\/armacoes-sob-medida\/obras-construcao-civil-estribos\/\",\"name\":\"Estribos \u2022 Constru\u00e7\u00e3o \u2022 BEC Ferro e A\u00e7o\",\"isPartOf\":{\"@id\":\"https:\/\/becferroeaco.com.br\/construcao\/#website\"},\"datePublished\":\"2023-06-11T18:25:16+00:00\",\"dateModified\":\"2026-01-03T23:49:24+00:00\",\"description\":\"Montados sob medida e no formato que a sua obra necessitar, os estribos s\u00e3o aplicados em autoconstru\u00e7\u00e3o, pilares e vigas, reduzindo o tempo de arma\u00e7\u00e3o.\",\"breadcrumb\":{\"@id\":\"https:\/\/becferroeaco.com.br\/construcao\/catalogo\/produtos\/armacoes-sob-medida\/obras-construcao-civil-estribos\/#breadcrumb\"},\"inLanguage\":\"pt-BR\",\"potentialAction\":[{\"@type\":\"ReadAction\",\"target\":[\"https:\/\/becferroeaco.com.br\/construcao\/catalogo\/produtos\/armacoes-sob-medida\/obras-construcao-civil-estribos\/\"]}]},{\"@type\":\"BreadcrumbList\",\"@id\":\"https:\/\/becferroeaco.com.br\/construcao\/catalogo\/produtos\/armacoes-sob-medida\/obras-construcao-civil-estribos\/#breadcrumb\",\"itemListElement\":[{\"@type\":\"ListItem\",\"position\":1,\"name\":\"In\u00edcio\",\"item\":\"https:\/\/becferroeaco.com.br\/construcao\/\"},{\"@type\":\"ListItem\",\"position\":2,\"name\":\"Linha Completa de Produtos\",\"item\":\"https:\/\/becferroeaco.com.br\/construcao\/loja\/\"},{\"@type\":\"ListItem\",\"position\":3,\"name\":\"Estribos\"}]},{\"@type\":\"WebSite\",\"@id\":\"https:\/\/becferroeaco.com.br\/construcao\/#website\",\"url\":\"https:\/\/becferroeaco.com.br\/construcao\/\",\"name\":\"BEC Ferro e A\u00e7o - Bastos Engenharia e Constru\u00e7\u00e3o Civil\",\"description\":\"Fabrica\u00e7\u00e3o e com\u00e9rcio de vergalh\u00f5es, arma\u00e7\u00f5es sob medida, arames, pregos, entre outros\",\"publisher\":{\"@id\":\"https:\/\/becferroeaco.com.br\/construcao\/#organization\"},\"potentialAction\":[{\"@type\":\"SearchAction\",\"target\":{\"@type\":\"EntryPoint\",\"urlTemplate\":\"https:\/\/becferroeaco.com.br\/construcao\/?s={search_term_string}\"},\"query-input\":\"required name=search_term_string\"}],\"inLanguage\":\"pt-BR\"},{\"@type\":\"Organization\",\"@id\":\"https:\/\/becferroeaco.com.br\/construcao\/#organization\",\"name\":\"BEC Ferro e A\u00e7o - Bastos Engenharia e Constru\u00e7\u00e3o Civil\",\"url\":\"https:\/\/becferroeaco.com.br\/construcao\/\",\"logo\":{\"@type\":\"ImageObject\",\"inLanguage\":\"pt-BR\",\"@id\":\"https:\/\/becferroeaco.com.br\/construcao\/#\/schema\/logo\/image\/\",\"url\":\"http:\/\/becferroeaco.com.br\/construcao\/wp-content\/uploads\/2023\/06\/logo-bec-ferro-aco.jpg\",\"contentUrl\":\"http:\/\/becferroeaco.com.br\/construcao\/wp-content\/uploads\/2023\/06\/logo-bec-ferro-aco.jpg\",\"width\":800,\"height\":800,\"caption\":\"BEC Ferro e A\u00e7o - Bastos Engenharia e Constru\u00e7\u00e3o Civil\"},\"image\":{\"@id\":\"https:\/\/becferroeaco.com.br\/construcao\/#\/schema\/logo\/image\/\"}}]}<\/script>\n<!-- \/ Yoast SEO plugin. -->","yoast_head_json":{"title":"Estribos \u2022 Constru\u00e7\u00e3o \u2022 BEC Ferro e A\u00e7o","description":"Montados sob medida e no formato que a sua obra necessitar, os estribos s\u00e3o aplicados em autoconstru\u00e7\u00e3o, pilares e vigas, reduzindo o tempo de arma\u00e7\u00e3o.","robots":{"index":"index","follow":"follow","max-snippet":"max-snippet:-1","max-image-preview":"max-image-preview:large","max-video-preview":"max-video-preview:-1"},"canonical":"https:\/\/becferroeaco.com.br\/construcao\/catalogo\/produtos\/armacoes-sob-medida\/obras-construcao-civil-estribos\/","og_locale":"pt_BR","og_type":"article","og_title":"Estribos \u2022 Constru\u00e7\u00e3o \u2022 BEC Ferro e A\u00e7o","og_description":"Montados sob medida e no formato que a sua obra necessitar, os estribos s\u00e3o aplicados em autoconstru\u00e7\u00e3o, pilares e vigas, reduzindo o tempo de arma\u00e7\u00e3o.","og_url":"https:\/\/becferroeaco.com.br\/construcao\/catalogo\/produtos\/armacoes-sob-medida\/obras-construcao-civil-estribos\/","og_site_name":"BEC Ferro e A\u00e7o - Bastos Engenharia e Constru\u00e7\u00e3o Civil","article_modified_time":"2026-01-03T23:49:24+00:00","og_image":[{"width":1920,"height":1080,"url":"https:\/\/becferroeaco.com.br\/construcao\/wp-content\/uploads\/2023\/06\/destaques-bec-produtos-google-shopping-estribos.jpg","type":"image\/jpeg"}],"twitter_card":"summary_large_image","twitter_misc":{"Est. tempo de leitura":"1 minuto"},"schema":{"@context":"https:\/\/schema.org","@graph":[{"@type":"WebPage","@id":"https:\/\/becferroeaco.com.br\/construcao\/catalogo\/produtos\/armacoes-sob-medida\/obras-construcao-civil-estribos\/","url":"https:\/\/becferroeaco.com.br\/construcao\/catalogo\/produtos\/armacoes-sob-medida\/obras-construcao-civil-estribos\/","name":"Estribos \u2022 Constru\u00e7\u00e3o \u2022 BEC Ferro e A\u00e7o","isPartOf":{"@id":"https:\/\/becferroeaco.com.br\/construcao\/#website"},"datePublished":"2023-06-11T18:25:16+00:00","dateModified":"2026-01-03T23:49:24+00:00","description":"Montados sob medida e no formato que a sua obra necessitar, os estribos s\u00e3o aplicados em autoconstru\u00e7\u00e3o, pilares e vigas, reduzindo o tempo de arma\u00e7\u00e3o.","breadcrumb":{"@id":"https:\/\/becferroeaco.com.br\/construcao\/catalogo\/produtos\/armacoes-sob-medida\/obras-construcao-civil-estribos\/#breadcrumb"},"inLanguage":"pt-BR","potentialAction":[{"@type":"ReadAction","target":["https:\/\/becferroeaco.com.br\/construcao\/catalogo\/produtos\/armacoes-sob-medida\/obras-construcao-civil-estribos\/"]}]},{"@type":"BreadcrumbList","@id":"https:\/\/becferroeaco.com.br\/construcao\/catalogo\/produtos\/armacoes-sob-medida\/obras-construcao-civil-estribos\/#breadcrumb","itemListElement":[{"@type":"ListItem","position":1,"name":"In\u00edcio","item":"https:\/\/becferroeaco.com.br\/construcao\/"},{"@type":"ListItem","position":2,"name":"Linha Completa de Produtos","item":"https:\/\/becferroeaco.com.br\/construcao\/loja\/"},{"@type":"ListItem","position":3,"name":"Estribos"}]},{"@type":"WebSite","@id":"https:\/\/becferroeaco.com.br\/construcao\/#website","url":"https:\/\/becferroeaco.com.br\/construcao\/","name":"BEC Ferro e A\u00e7o - Bastos Engenharia e Constru\u00e7\u00e3o Civil","description":"Fabrica\u00e7\u00e3o e com\u00e9rcio de vergalh\u00f5es, arma\u00e7\u00f5es sob medida, arames, pregos, entre outros","publisher":{"@id":"https:\/\/becferroeaco.com.br\/construcao\/#organization"},"potentialAction":[{"@type":"SearchAction","target":{"@type":"EntryPoint","urlTemplate":"https:\/\/becferroeaco.com.br\/construcao\/?s={search_term_string}"},"query-input":"required name=search_term_string"}],"inLanguage":"pt-BR"},{"@type":"Organization","@id":"https:\/\/becferroeaco.com.br\/construcao\/#organization","name":"BEC Ferro e A\u00e7o - Bastos Engenharia e Constru\u00e7\u00e3o Civil","url":"https:\/\/becferroeaco.com.br\/construcao\/","logo":{"@type":"ImageObject","inLanguage":"pt-BR","@id":"https:\/\/becferroeaco.com.br\/construcao\/#\/schema\/logo\/image\/","url":"http:\/\/becferroeaco.com.br\/construcao\/wp-content\/uploads\/2023\/06\/logo-bec-ferro-aco.jpg","contentUrl":"http:\/\/becferroeaco.com.br\/construcao\/wp-content\/uploads\/2023\/06\/logo-bec-ferro-aco.jpg","width":800,"height":800,"caption":"BEC Ferro e A\u00e7o - Bastos Engenharia e Constru\u00e7\u00e3o Civil"},"image":{"@id":"https:\/\/becferroeaco.com.br\/construcao\/#\/schema\/logo\/image\/"}}]}},"_links":{"self":[{"href":"https:\/\/becferroeaco.com.br\/construcao\/wp-json\/wp\/v2\/product\/188"}],"collection":[{"href":"https:\/\/becferroeaco.com.br\/construcao\/wp-json\/wp\/v2\/product"}],"about":[{"href":"https:\/\/becferroeaco.com.br\/construcao\/wp-json\/wp\/v2\/types\/product"}],"replies":[{"embeddable":true,"href":"https:\/\/becferroeaco.com.br\/construcao\/wp-json\/wp\/v2\/comments?post=188"}],"wp:featuredmedia":[{"embeddable":true,"href":"https:\/\/becferroeaco.com.br\/construcao\/wp-json\/wp\/v2\/media\/715"}],"wp:attachment":[{"href":"https:\/\/becferroeaco.com.br\/construcao\/wp-json\/wp\/v2\/media?parent=188"}],"wp:term":[{"taxonomy":"product_cat","embeddable":true,"href":"https:\/\/becferroeaco.com.br\/construcao\/wp-json\/wp\/v2\/product_cat?post=188"},{"taxonomy":"product_tag","embeddable":true,"href":"https:\/\/becferroeaco.com.br\/construcao\/wp-json\/wp\/v2\/product_tag?post=188"}],"curies":[{"name":"wp","href":"https:\/\/api.w.org\/{rel}","templated":true}]}}