{"id":190,"date":"2023-06-11T15:42:54","date_gmt":"2023-06-11T18:42:54","guid":{"rendered":"https:\/\/becferroeaco.com.br\/construcao\/?post_type=product&#038;p=190"},"modified":"2024-10-27T11:32:46","modified_gmt":"2024-10-27T14:32:46","slug":"obras-construcao-civil-trelicas-h8-12m","status":"publish","type":"product","link":"https:\/\/becferroeaco.com.br\/construcao\/catalogo\/produtos\/trelicas\/obras-construcao-civil-trelicas-h8-12m\/","title":{"rendered":"Treli\u00e7a H8 12m"},"content":{"rendered":"<p><a href=\"http:\/\/becferroeaco.com.br\/construcao\/wp-content\/uploads\/2023\/06\/trelicas-tabela.jpg\" rel=\"lightbox[190]\"><img loading=\"lazy\" decoding=\"async\" class=\"alignnone size-full wp-image-269\" src=\"http:\/\/becferroeaco.com.br\/construcao\/wp-content\/uploads\/2023\/06\/trelicas-tabela.jpg\" alt=\"Tabela de Treli\u00e7as de Ferro e A\u00e7o\" width=\"900\" height=\"630\" srcset=\"https:\/\/becferroeaco.com.br\/construcao\/wp-content\/uploads\/2023\/06\/trelicas-tabela.jpg 900w, https:\/\/becferroeaco.com.br\/construcao\/wp-content\/uploads\/2023\/06\/trelicas-tabela-600x420.jpg 600w, https:\/\/becferroeaco.com.br\/construcao\/wp-content\/uploads\/2023\/06\/trelicas-tabela-300x210.jpg 300w, https:\/\/becferroeaco.com.br\/construcao\/wp-content\/uploads\/2023\/06\/trelicas-tabela-768x538.jpg 768w\" sizes=\"(max-width: 900px) 100vw, 900px\" \/><\/a><\/p>\n","protected":false},"excerpt":{"rendered":"<div class=\"wp-block-button has-custom-font-size has-small-font-size mb-4\" style=\"font-style:normal;font-weight:700\"><a class=\"wp-block-button__link has-background wp-element-button\" href=\"https:\/\/wa.me\/\/5511953231523?text=Muito%20obrigado%20pelo%20contato.%20Clique%20para%20iniciar%20a%20conversa%20com%20a%20BEC%20Ferro%20e%20A%C3%A7o\" style=\"background-color:#be1919; color:#fff;\" target=\"_blank\" rel=\"noreferrer noopener\">Or\u00e7amento via WhatsApp<\/a><\/div>\n<p>Capazes de absorver os esfor\u00e7os de flex\u00e3o das estruturas pr\u00e9-fabricadas, as <strong>treli\u00e7as<\/strong> s\u00e3o uma \u00f3tima solu\u00e7\u00e3o, pois s\u00e3o leves e f\u00e1ceis de manejar, garantindo toda seguran\u00e7a. S\u00e3o feitas em a\u00e7o CA-60 nervurado, que permite melhor ader\u00eancia ao concreto.<\/p>\n<p>S\u00e3o, principalmente, aplicadas em infraestrutura, lajes e autoconstru\u00e7\u00e3o. Tamb\u00e9m s\u00e3o utilizadas em mini-pain\u00e9is treli\u00e7ados e em espa\u00e7adores de armaduras.<\/p>\n<h3>Deseja mais informa\u00e7\u00f5es sobre Treli\u00e7as H8 12m?<\/h3>\n<p>Entre em contato pelo <strong><a class=\"addlinkredcolor\" href=\"https:\/\/wa.me\/\/5511953231523?text=Muito%20obrigado%20pelo%20contato.%20Clique%20para%20iniciar%20a%20conversa%20com%20a%20BEC%20Ferro%20e%20A%C3%A7o\" target=\"_blank\" rel=\"noreferrer noopener\">whatsapp <i class=\"fa-brands fa-whatsapp\" aria-hidden=\"true\"><\/i> 11 95323-1523<\/a><\/strong> e saiba como as <strong>Treli\u00e7as H8 12m<\/strong> pode ajudar voc\u00ea a ganhar tempo, economizar dinheiro e melhorar a organiza\u00e7\u00e3o de sua obra.<\/p>\n","protected":false},"featured_media":401,"comment_status":"open","ping_status":"closed","template":"","meta":[],"product_cat":[27],"product_tag":[28],"acf":[],"yoast_head":"<!-- This site is optimized with the Yoast SEO plugin v21.7 - https:\/\/yoast.com\/wordpress\/plugins\/seo\/ -->\n<title>Treli\u00e7as H8 12m \u2022 Reforma, Obra e Constru\u00e7\u00e3o \u2022 BEC Ferro e A\u00e7o<\/title>\n<meta name=\"description\" content=\"As treli\u00e7as H8 12m s\u00e3o \u00f3tima solu\u00e7\u00e3o, pois s\u00e3o leves e f\u00e1ceis de manejar, garantindo toda seguran\u00e7a. S\u00e3o aplicadas em infraestrutura, lajes e autoconstru\u00e7\u00e3o\" \/>\n<meta name=\"robots\" content=\"index, follow, max-snippet:-1, max-image-preview:large, max-video-preview:-1\" \/>\n<link rel=\"canonical\" href=\"https:\/\/becferroeaco.com.br\/construcao\/catalogo\/produtos\/trelicas\/obras-construcao-civil-trelicas-h8-12m\/\" \/>\n<meta property=\"og:locale\" content=\"pt_BR\" \/>\n<meta property=\"og:type\" content=\"article\" \/>\n<meta property=\"og:title\" content=\"Treli\u00e7as H8 12m \u2022 Reforma, Obra e Constru\u00e7\u00e3o \u2022 BEC Ferro e A\u00e7o\" \/>\n<meta property=\"og:description\" content=\"As treli\u00e7as H8 12m s\u00e3o \u00f3tima solu\u00e7\u00e3o, pois s\u00e3o leves e f\u00e1ceis de manejar, garantindo toda seguran\u00e7a. S\u00e3o aplicadas em infraestrutura, lajes e autoconstru\u00e7\u00e3o\" \/>\n<meta property=\"og:url\" content=\"https:\/\/becferroeaco.com.br\/construcao\/catalogo\/produtos\/trelicas\/obras-construcao-civil-trelicas-h8-12m\/\" \/>\n<meta property=\"og:site_name\" content=\"BEC Ferro e A\u00e7o - Bastos Engenharia e Constru\u00e7\u00e3o Civil\" \/>\n<meta property=\"article:modified_time\" content=\"2024-10-27T14:32:46+00:00\" \/>\n<meta property=\"og:image\" content=\"https:\/\/becferroeaco.com.br\/construcao\/wp-content\/uploads\/2023\/05\/imagem-1920x1080-padrao-trelicas.jpg\" \/>\n\t<meta property=\"og:image:width\" content=\"1920\" \/>\n\t<meta property=\"og:image:height\" content=\"1080\" \/>\n\t<meta property=\"og:image:type\" content=\"image\/jpeg\" \/>\n<meta name=\"twitter:card\" content=\"summary_large_image\" \/>\n<meta name=\"twitter:label1\" content=\"Est. tempo de leitura\" \/>\n\t<meta name=\"twitter:data1\" content=\"1 minuto\" \/>\n<script type=\"application\/ld+json\" class=\"yoast-schema-graph\">{\"@context\":\"https:\/\/schema.org\",\"@graph\":[{\"@type\":\"WebPage\",\"@id\":\"https:\/\/becferroeaco.com.br\/construcao\/catalogo\/produtos\/trelicas\/obras-construcao-civil-trelicas-h8-12m\/\",\"url\":\"https:\/\/becferroeaco.com.br\/construcao\/catalogo\/produtos\/trelicas\/obras-construcao-civil-trelicas-h8-12m\/\",\"name\":\"Treli\u00e7as H8 12m \u2022 Reforma, Obra e Constru\u00e7\u00e3o \u2022 BEC Ferro e A\u00e7o\",\"isPartOf\":{\"@id\":\"https:\/\/becferroeaco.com.br\/construcao\/#website\"},\"datePublished\":\"2023-06-11T18:42:54+00:00\",\"dateModified\":\"2024-10-27T14:32:46+00:00\",\"description\":\"As treli\u00e7as H8 12m s\u00e3o \u00f3tima solu\u00e7\u00e3o, pois s\u00e3o leves e f\u00e1ceis de manejar, garantindo toda seguran\u00e7a. S\u00e3o aplicadas em infraestrutura, lajes e autoconstru\u00e7\u00e3o\",\"breadcrumb\":{\"@id\":\"https:\/\/becferroeaco.com.br\/construcao\/catalogo\/produtos\/trelicas\/obras-construcao-civil-trelicas-h8-12m\/#breadcrumb\"},\"inLanguage\":\"pt-BR\",\"potentialAction\":[{\"@type\":\"ReadAction\",\"target\":[\"https:\/\/becferroeaco.com.br\/construcao\/catalogo\/produtos\/trelicas\/obras-construcao-civil-trelicas-h8-12m\/\"]}]},{\"@type\":\"BreadcrumbList\",\"@id\":\"https:\/\/becferroeaco.com.br\/construcao\/catalogo\/produtos\/trelicas\/obras-construcao-civil-trelicas-h8-12m\/#breadcrumb\",\"itemListElement\":[{\"@type\":\"ListItem\",\"position\":1,\"name\":\"In\u00edcio\",\"item\":\"https:\/\/becferroeaco.com.br\/construcao\/\"},{\"@type\":\"ListItem\",\"position\":2,\"name\":\"Linha Completa de Produtos\",\"item\":\"https:\/\/becferroeaco.com.br\/construcao\/loja\/\"},{\"@type\":\"ListItem\",\"position\":3,\"name\":\"Treli\u00e7a H8 12m\"}]},{\"@type\":\"WebSite\",\"@id\":\"https:\/\/becferroeaco.com.br\/construcao\/#website\",\"url\":\"https:\/\/becferroeaco.com.br\/construcao\/\",\"name\":\"BEC Ferro e A\u00e7o - Bastos Engenharia e Constru\u00e7\u00e3o Civil\",\"description\":\"Fabrica\u00e7\u00e3o e com\u00e9rcio de vergalh\u00f5es, arma\u00e7\u00f5es sob medida, arames, pregos, entre outros\",\"publisher\":{\"@id\":\"https:\/\/becferroeaco.com.br\/construcao\/#organization\"},\"potentialAction\":[{\"@type\":\"SearchAction\",\"target\":{\"@type\":\"EntryPoint\",\"urlTemplate\":\"https:\/\/becferroeaco.com.br\/construcao\/?s={search_term_string}\"},\"query-input\":\"required name=search_term_string\"}],\"inLanguage\":\"pt-BR\"},{\"@type\":\"Organization\",\"@id\":\"https:\/\/becferroeaco.com.br\/construcao\/#organization\",\"name\":\"BEC Ferro e A\u00e7o - Bastos Engenharia e Constru\u00e7\u00e3o Civil\",\"url\":\"https:\/\/becferroeaco.com.br\/construcao\/\",\"logo\":{\"@type\":\"ImageObject\",\"inLanguage\":\"pt-BR\",\"@id\":\"https:\/\/becferroeaco.com.br\/construcao\/#\/schema\/logo\/image\/\",\"url\":\"http:\/\/becferroeaco.com.br\/construcao\/wp-content\/uploads\/2023\/06\/logo-bec-ferro-aco.jpg\",\"contentUrl\":\"http:\/\/becferroeaco.com.br\/construcao\/wp-content\/uploads\/2023\/06\/logo-bec-ferro-aco.jpg\",\"width\":800,\"height\":800,\"caption\":\"BEC Ferro e A\u00e7o - Bastos Engenharia e Constru\u00e7\u00e3o Civil\"},\"image\":{\"@id\":\"https:\/\/becferroeaco.com.br\/construcao\/#\/schema\/logo\/image\/\"}}]}<\/script>\n<!-- \/ Yoast SEO plugin. -->","yoast_head_json":{"title":"Treli\u00e7as H8 12m \u2022 Reforma, Obra e Constru\u00e7\u00e3o \u2022 BEC Ferro e A\u00e7o","description":"As treli\u00e7as H8 12m s\u00e3o \u00f3tima solu\u00e7\u00e3o, pois s\u00e3o leves e f\u00e1ceis de manejar, garantindo toda seguran\u00e7a. S\u00e3o aplicadas em infraestrutura, lajes e autoconstru\u00e7\u00e3o","robots":{"index":"index","follow":"follow","max-snippet":"max-snippet:-1","max-image-preview":"max-image-preview:large","max-video-preview":"max-video-preview:-1"},"canonical":"https:\/\/becferroeaco.com.br\/construcao\/catalogo\/produtos\/trelicas\/obras-construcao-civil-trelicas-h8-12m\/","og_locale":"pt_BR","og_type":"article","og_title":"Treli\u00e7as H8 12m \u2022 Reforma, Obra e Constru\u00e7\u00e3o \u2022 BEC Ferro e A\u00e7o","og_description":"As treli\u00e7as H8 12m s\u00e3o \u00f3tima solu\u00e7\u00e3o, pois s\u00e3o leves e f\u00e1ceis de manejar, garantindo toda seguran\u00e7a. S\u00e3o aplicadas em infraestrutura, lajes e autoconstru\u00e7\u00e3o","og_url":"https:\/\/becferroeaco.com.br\/construcao\/catalogo\/produtos\/trelicas\/obras-construcao-civil-trelicas-h8-12m\/","og_site_name":"BEC Ferro e A\u00e7o - Bastos Engenharia e Constru\u00e7\u00e3o Civil","article_modified_time":"2024-10-27T14:32:46+00:00","og_image":[{"width":1920,"height":1080,"url":"https:\/\/becferroeaco.com.br\/construcao\/wp-content\/uploads\/2023\/05\/imagem-1920x1080-padrao-trelicas.jpg","type":"image\/jpeg"}],"twitter_card":"summary_large_image","twitter_misc":{"Est. tempo de leitura":"1 minuto"},"schema":{"@context":"https:\/\/schema.org","@graph":[{"@type":"WebPage","@id":"https:\/\/becferroeaco.com.br\/construcao\/catalogo\/produtos\/trelicas\/obras-construcao-civil-trelicas-h8-12m\/","url":"https:\/\/becferroeaco.com.br\/construcao\/catalogo\/produtos\/trelicas\/obras-construcao-civil-trelicas-h8-12m\/","name":"Treli\u00e7as H8 12m \u2022 Reforma, Obra e Constru\u00e7\u00e3o \u2022 BEC Ferro e A\u00e7o","isPartOf":{"@id":"https:\/\/becferroeaco.com.br\/construcao\/#website"},"datePublished":"2023-06-11T18:42:54+00:00","dateModified":"2024-10-27T14:32:46+00:00","description":"As treli\u00e7as H8 12m s\u00e3o \u00f3tima solu\u00e7\u00e3o, pois s\u00e3o leves e f\u00e1ceis de manejar, garantindo toda seguran\u00e7a. S\u00e3o aplicadas em infraestrutura, lajes e autoconstru\u00e7\u00e3o","breadcrumb":{"@id":"https:\/\/becferroeaco.com.br\/construcao\/catalogo\/produtos\/trelicas\/obras-construcao-civil-trelicas-h8-12m\/#breadcrumb"},"inLanguage":"pt-BR","potentialAction":[{"@type":"ReadAction","target":["https:\/\/becferroeaco.com.br\/construcao\/catalogo\/produtos\/trelicas\/obras-construcao-civil-trelicas-h8-12m\/"]}]},{"@type":"BreadcrumbList","@id":"https:\/\/becferroeaco.com.br\/construcao\/catalogo\/produtos\/trelicas\/obras-construcao-civil-trelicas-h8-12m\/#breadcrumb","itemListElement":[{"@type":"ListItem","position":1,"name":"In\u00edcio","item":"https:\/\/becferroeaco.com.br\/construcao\/"},{"@type":"ListItem","position":2,"name":"Linha Completa de Produtos","item":"https:\/\/becferroeaco.com.br\/construcao\/loja\/"},{"@type":"ListItem","position":3,"name":"Treli\u00e7a H8 12m"}]},{"@type":"WebSite","@id":"https:\/\/becferroeaco.com.br\/construcao\/#website","url":"https:\/\/becferroeaco.com.br\/construcao\/","name":"BEC Ferro e A\u00e7o - Bastos Engenharia e Constru\u00e7\u00e3o Civil","description":"Fabrica\u00e7\u00e3o e com\u00e9rcio de vergalh\u00f5es, arma\u00e7\u00f5es sob medida, arames, pregos, entre outros","publisher":{"@id":"https:\/\/becferroeaco.com.br\/construcao\/#organization"},"potentialAction":[{"@type":"SearchAction","target":{"@type":"EntryPoint","urlTemplate":"https:\/\/becferroeaco.com.br\/construcao\/?s={search_term_string}"},"query-input":"required name=search_term_string"}],"inLanguage":"pt-BR"},{"@type":"Organization","@id":"https:\/\/becferroeaco.com.br\/construcao\/#organization","name":"BEC Ferro e A\u00e7o - Bastos Engenharia e Constru\u00e7\u00e3o Civil","url":"https:\/\/becferroeaco.com.br\/construcao\/","logo":{"@type":"ImageObject","inLanguage":"pt-BR","@id":"https:\/\/becferroeaco.com.br\/construcao\/#\/schema\/logo\/image\/","url":"http:\/\/becferroeaco.com.br\/construcao\/wp-content\/uploads\/2023\/06\/logo-bec-ferro-aco.jpg","contentUrl":"http:\/\/becferroeaco.com.br\/construcao\/wp-content\/uploads\/2023\/06\/logo-bec-ferro-aco.jpg","width":800,"height":800,"caption":"BEC Ferro e A\u00e7o - Bastos Engenharia e Constru\u00e7\u00e3o Civil"},"image":{"@id":"https:\/\/becferroeaco.com.br\/construcao\/#\/schema\/logo\/image\/"}}]}},"_links":{"self":[{"href":"https:\/\/becferroeaco.com.br\/construcao\/wp-json\/wp\/v2\/product\/190"}],"collection":[{"href":"https:\/\/becferroeaco.com.br\/construcao\/wp-json\/wp\/v2\/product"}],"about":[{"href":"https:\/\/becferroeaco.com.br\/construcao\/wp-json\/wp\/v2\/types\/product"}],"replies":[{"embeddable":true,"href":"https:\/\/becferroeaco.com.br\/construcao\/wp-json\/wp\/v2\/comments?post=190"}],"wp:featuredmedia":[{"embeddable":true,"href":"https:\/\/becferroeaco.com.br\/construcao\/wp-json\/wp\/v2\/media\/401"}],"wp:attachment":[{"href":"https:\/\/becferroeaco.com.br\/construcao\/wp-json\/wp\/v2\/media?parent=190"}],"wp:term":[{"taxonomy":"product_cat","embeddable":true,"href":"https:\/\/becferroeaco.com.br\/construcao\/wp-json\/wp\/v2\/product_cat?post=190"},{"taxonomy":"product_tag","embeddable":true,"href":"https:\/\/becferroeaco.com.br\/construcao\/wp-json\/wp\/v2\/product_tag?post=190"}],"curies":[{"name":"wp","href":"https:\/\/api.w.org\/{rel}","templated":true}]}}