{"id":211,"date":"2023-06-12T13:32:39","date_gmt":"2023-06-12T16:32:39","guid":{"rendered":"https:\/\/becferroeaco.com.br\/construcao\/?post_type=product&#038;p=211"},"modified":"2024-08-18T15:11:18","modified_gmt":"2024-08-18T18:11:18","slug":"obras-construcao-civil-prego-com-cabeca-17x21","status":"publish","type":"product","link":"https:\/\/becferroeaco.com.br\/construcao\/catalogo\/produtos\/pregos\/obras-construcao-civil-prego-com-cabeca-17x21\/","title":{"rendered":"Prego com Cabe\u00e7a 17&#215;21"},"content":{"rendered":"<p><a href=\"http:\/\/becferroeaco.com.br\/construcao\/wp-content\/uploads\/2023\/06\/pregos-tabela.jpg\" rel=\"lightbox[211]\"><img loading=\"lazy\" decoding=\"async\" class=\"alignnone size-full wp-image-250\" src=\"http:\/\/becferroeaco.com.br\/construcao\/wp-content\/uploads\/2023\/06\/pregos-tabela.jpg\" alt=\"Tabela de Pregos - Prego com Cabe\u00e7a 17x21\" width=\"710\" height=\"423\" srcset=\"https:\/\/becferroeaco.com.br\/construcao\/wp-content\/uploads\/2023\/06\/pregos-tabela.jpg 710w, https:\/\/becferroeaco.com.br\/construcao\/wp-content\/uploads\/2023\/06\/pregos-tabela-600x357.jpg 600w, https:\/\/becferroeaco.com.br\/construcao\/wp-content\/uploads\/2023\/06\/pregos-tabela-300x179.jpg 300w\" sizes=\"(max-width: 710px) 100vw, 710px\" \/><\/a><\/p>\n","protected":false},"excerpt":{"rendered":"<p>Comercializados em sacos de 1 kg, os <strong>pregos com cabe\u00e7a 17&#215;21<\/strong> s\u00e3o utilizados para as mais diversas aplica\u00e7\u00f5es como fixador, principalmente na constru\u00e7\u00e3o civil e na ind\u00fastria moveleira. T\u00eam excelente resist\u00eancia, boa penetra\u00e7\u00e3o e fixa\u00e7\u00e3o.<\/p>\n<div class=\"wp-block-button has-custom-font-size has-small-font-size mb-4\" style=\"font-style:normal;font-weight:700\"><a class=\"wp-block-button__link has-background wp-element-button\" href=\"https:\/\/wa.me\/\/5511953231523?text=Muito%20obrigado%20pelo%20contato.%20Clique%20para%20iniciar%20a%20conversa%20com%20a%20BEC%20Ferro%20e%20A%C3%A7o\" style=\"background-color:#be1919; color:#fff;\" target=\"_blank\" rel=\"noreferrer noopener\">Or\u00e7amento via WhatsApp<\/a><\/div>\n","protected":false},"featured_media":398,"comment_status":"open","ping_status":"closed","template":"","meta":[],"product_cat":[36],"product_tag":[38],"acf":[],"yoast_head":"<!-- This site is optimized with the Yoast SEO plugin v21.7 - https:\/\/yoast.com\/wordpress\/plugins\/seo\/ -->\n<title>Prego com Cabe\u00e7a 17x21 \u2022 Constru\u00e7\u00e3o \u2022 BEC Ferro e A\u00e7o<\/title>\n<meta name=\"description\" content=\"Comercializados em sacos de 1 kg, temos pregos de variados modelos, como o prego com cabe\u00e7a 17x21, e podem ser utilizados para as mais diversas aplica\u00e7\u00f5es.\" \/>\n<meta name=\"robots\" content=\"index, follow, max-snippet:-1, max-image-preview:large, max-video-preview:-1\" \/>\n<link rel=\"canonical\" href=\"https:\/\/becferroeaco.com.br\/construcao\/catalogo\/produtos\/pregos\/obras-construcao-civil-prego-com-cabeca-17x21\/\" \/>\n<meta property=\"og:locale\" content=\"pt_BR\" \/>\n<meta property=\"og:type\" content=\"article\" \/>\n<meta property=\"og:title\" content=\"Prego com Cabe\u00e7a 17x21 \u2022 Constru\u00e7\u00e3o \u2022 BEC Ferro e A\u00e7o\" \/>\n<meta property=\"og:description\" content=\"Comercializados em sacos de 1 kg, temos pregos de variados modelos, como o prego com cabe\u00e7a 17x21, e podem ser utilizados para as mais diversas aplica\u00e7\u00f5es.\" \/>\n<meta property=\"og:url\" content=\"https:\/\/becferroeaco.com.br\/construcao\/catalogo\/produtos\/pregos\/obras-construcao-civil-prego-com-cabeca-17x21\/\" \/>\n<meta property=\"og:site_name\" content=\"BEC Ferro e A\u00e7o - Bastos Engenharia e Constru\u00e7\u00e3o Civil\" \/>\n<meta property=\"article:modified_time\" content=\"2024-08-18T18:11:18+00:00\" \/>\n<meta property=\"og:image\" content=\"https:\/\/becferroeaco.com.br\/construcao\/wp-content\/uploads\/2023\/06\/imagem-1920x1080-padrao-pregos-1.jpg\" \/>\n\t<meta property=\"og:image:width\" content=\"1920\" \/>\n\t<meta property=\"og:image:height\" content=\"1080\" \/>\n\t<meta property=\"og:image:type\" content=\"image\/jpeg\" \/>\n<meta name=\"twitter:card\" content=\"summary_large_image\" \/>\n<meta name=\"twitter:label1\" content=\"Est. tempo de leitura\" \/>\n\t<meta name=\"twitter:data1\" content=\"1 minuto\" \/>\n<script type=\"application\/ld+json\" class=\"yoast-schema-graph\">{\"@context\":\"https:\/\/schema.org\",\"@graph\":[{\"@type\":\"WebPage\",\"@id\":\"https:\/\/becferroeaco.com.br\/construcao\/catalogo\/produtos\/pregos\/obras-construcao-civil-prego-com-cabeca-17x21\/\",\"url\":\"https:\/\/becferroeaco.com.br\/construcao\/catalogo\/produtos\/pregos\/obras-construcao-civil-prego-com-cabeca-17x21\/\",\"name\":\"Prego com Cabe\u00e7a 17x21 \u2022 Constru\u00e7\u00e3o \u2022 BEC Ferro e A\u00e7o\",\"isPartOf\":{\"@id\":\"https:\/\/becferroeaco.com.br\/construcao\/#website\"},\"datePublished\":\"2023-06-12T16:32:39+00:00\",\"dateModified\":\"2024-08-18T18:11:18+00:00\",\"description\":\"Comercializados em sacos de 1 kg, temos pregos de variados modelos, como o prego com cabe\u00e7a 17x21, e podem ser utilizados para as mais diversas aplica\u00e7\u00f5es.\",\"breadcrumb\":{\"@id\":\"https:\/\/becferroeaco.com.br\/construcao\/catalogo\/produtos\/pregos\/obras-construcao-civil-prego-com-cabeca-17x21\/#breadcrumb\"},\"inLanguage\":\"pt-BR\",\"potentialAction\":[{\"@type\":\"ReadAction\",\"target\":[\"https:\/\/becferroeaco.com.br\/construcao\/catalogo\/produtos\/pregos\/obras-construcao-civil-prego-com-cabeca-17x21\/\"]}]},{\"@type\":\"BreadcrumbList\",\"@id\":\"https:\/\/becferroeaco.com.br\/construcao\/catalogo\/produtos\/pregos\/obras-construcao-civil-prego-com-cabeca-17x21\/#breadcrumb\",\"itemListElement\":[{\"@type\":\"ListItem\",\"position\":1,\"name\":\"In\u00edcio\",\"item\":\"https:\/\/becferroeaco.com.br\/construcao\/\"},{\"@type\":\"ListItem\",\"position\":2,\"name\":\"Linha Completa de Produtos\",\"item\":\"https:\/\/becferroeaco.com.br\/construcao\/loja\/\"},{\"@type\":\"ListItem\",\"position\":3,\"name\":\"Prego com Cabe\u00e7a 17&#215;21\"}]},{\"@type\":\"WebSite\",\"@id\":\"https:\/\/becferroeaco.com.br\/construcao\/#website\",\"url\":\"https:\/\/becferroeaco.com.br\/construcao\/\",\"name\":\"BEC Ferro e A\u00e7o - Bastos Engenharia e Constru\u00e7\u00e3o Civil\",\"description\":\"Fabrica\u00e7\u00e3o e com\u00e9rcio de vergalh\u00f5es, arma\u00e7\u00f5es sob medida, arames, pregos, entre outros\",\"publisher\":{\"@id\":\"https:\/\/becferroeaco.com.br\/construcao\/#organization\"},\"potentialAction\":[{\"@type\":\"SearchAction\",\"target\":{\"@type\":\"EntryPoint\",\"urlTemplate\":\"https:\/\/becferroeaco.com.br\/construcao\/?s={search_term_string}\"},\"query-input\":\"required name=search_term_string\"}],\"inLanguage\":\"pt-BR\"},{\"@type\":\"Organization\",\"@id\":\"https:\/\/becferroeaco.com.br\/construcao\/#organization\",\"name\":\"BEC Ferro e A\u00e7o - Bastos Engenharia e Constru\u00e7\u00e3o Civil\",\"url\":\"https:\/\/becferroeaco.com.br\/construcao\/\",\"logo\":{\"@type\":\"ImageObject\",\"inLanguage\":\"pt-BR\",\"@id\":\"https:\/\/becferroeaco.com.br\/construcao\/#\/schema\/logo\/image\/\",\"url\":\"http:\/\/becferroeaco.com.br\/construcao\/wp-content\/uploads\/2023\/06\/logo-bec-ferro-aco.jpg\",\"contentUrl\":\"http:\/\/becferroeaco.com.br\/construcao\/wp-content\/uploads\/2023\/06\/logo-bec-ferro-aco.jpg\",\"width\":800,\"height\":800,\"caption\":\"BEC Ferro e A\u00e7o - Bastos Engenharia e Constru\u00e7\u00e3o Civil\"},\"image\":{\"@id\":\"https:\/\/becferroeaco.com.br\/construcao\/#\/schema\/logo\/image\/\"}}]}<\/script>\n<!-- \/ Yoast SEO plugin. -->","yoast_head_json":{"title":"Prego com Cabe\u00e7a 17x21 \u2022 Constru\u00e7\u00e3o \u2022 BEC Ferro e A\u00e7o","description":"Comercializados em sacos de 1 kg, temos pregos de variados modelos, como o prego com cabe\u00e7a 17x21, e podem ser utilizados para as mais diversas aplica\u00e7\u00f5es.","robots":{"index":"index","follow":"follow","max-snippet":"max-snippet:-1","max-image-preview":"max-image-preview:large","max-video-preview":"max-video-preview:-1"},"canonical":"https:\/\/becferroeaco.com.br\/construcao\/catalogo\/produtos\/pregos\/obras-construcao-civil-prego-com-cabeca-17x21\/","og_locale":"pt_BR","og_type":"article","og_title":"Prego com Cabe\u00e7a 17x21 \u2022 Constru\u00e7\u00e3o \u2022 BEC Ferro e A\u00e7o","og_description":"Comercializados em sacos de 1 kg, temos pregos de variados modelos, como o prego com cabe\u00e7a 17x21, e podem ser utilizados para as mais diversas aplica\u00e7\u00f5es.","og_url":"https:\/\/becferroeaco.com.br\/construcao\/catalogo\/produtos\/pregos\/obras-construcao-civil-prego-com-cabeca-17x21\/","og_site_name":"BEC Ferro e A\u00e7o - Bastos Engenharia e Constru\u00e7\u00e3o Civil","article_modified_time":"2024-08-18T18:11:18+00:00","og_image":[{"width":1920,"height":1080,"url":"https:\/\/becferroeaco.com.br\/construcao\/wp-content\/uploads\/2023\/06\/imagem-1920x1080-padrao-pregos-1.jpg","type":"image\/jpeg"}],"twitter_card":"summary_large_image","twitter_misc":{"Est. tempo de leitura":"1 minuto"},"schema":{"@context":"https:\/\/schema.org","@graph":[{"@type":"WebPage","@id":"https:\/\/becferroeaco.com.br\/construcao\/catalogo\/produtos\/pregos\/obras-construcao-civil-prego-com-cabeca-17x21\/","url":"https:\/\/becferroeaco.com.br\/construcao\/catalogo\/produtos\/pregos\/obras-construcao-civil-prego-com-cabeca-17x21\/","name":"Prego com Cabe\u00e7a 17x21 \u2022 Constru\u00e7\u00e3o \u2022 BEC Ferro e A\u00e7o","isPartOf":{"@id":"https:\/\/becferroeaco.com.br\/construcao\/#website"},"datePublished":"2023-06-12T16:32:39+00:00","dateModified":"2024-08-18T18:11:18+00:00","description":"Comercializados em sacos de 1 kg, temos pregos de variados modelos, como o prego com cabe\u00e7a 17x21, e podem ser utilizados para as mais diversas aplica\u00e7\u00f5es.","breadcrumb":{"@id":"https:\/\/becferroeaco.com.br\/construcao\/catalogo\/produtos\/pregos\/obras-construcao-civil-prego-com-cabeca-17x21\/#breadcrumb"},"inLanguage":"pt-BR","potentialAction":[{"@type":"ReadAction","target":["https:\/\/becferroeaco.com.br\/construcao\/catalogo\/produtos\/pregos\/obras-construcao-civil-prego-com-cabeca-17x21\/"]}]},{"@type":"BreadcrumbList","@id":"https:\/\/becferroeaco.com.br\/construcao\/catalogo\/produtos\/pregos\/obras-construcao-civil-prego-com-cabeca-17x21\/#breadcrumb","itemListElement":[{"@type":"ListItem","position":1,"name":"In\u00edcio","item":"https:\/\/becferroeaco.com.br\/construcao\/"},{"@type":"ListItem","position":2,"name":"Linha Completa de Produtos","item":"https:\/\/becferroeaco.com.br\/construcao\/loja\/"},{"@type":"ListItem","position":3,"name":"Prego com Cabe\u00e7a 17&#215;21"}]},{"@type":"WebSite","@id":"https:\/\/becferroeaco.com.br\/construcao\/#website","url":"https:\/\/becferroeaco.com.br\/construcao\/","name":"BEC Ferro e A\u00e7o - Bastos Engenharia e Constru\u00e7\u00e3o Civil","description":"Fabrica\u00e7\u00e3o e com\u00e9rcio de vergalh\u00f5es, arma\u00e7\u00f5es sob medida, arames, pregos, entre outros","publisher":{"@id":"https:\/\/becferroeaco.com.br\/construcao\/#organization"},"potentialAction":[{"@type":"SearchAction","target":{"@type":"EntryPoint","urlTemplate":"https:\/\/becferroeaco.com.br\/construcao\/?s={search_term_string}"},"query-input":"required name=search_term_string"}],"inLanguage":"pt-BR"},{"@type":"Organization","@id":"https:\/\/becferroeaco.com.br\/construcao\/#organization","name":"BEC Ferro e A\u00e7o - Bastos Engenharia e Constru\u00e7\u00e3o Civil","url":"https:\/\/becferroeaco.com.br\/construcao\/","logo":{"@type":"ImageObject","inLanguage":"pt-BR","@id":"https:\/\/becferroeaco.com.br\/construcao\/#\/schema\/logo\/image\/","url":"http:\/\/becferroeaco.com.br\/construcao\/wp-content\/uploads\/2023\/06\/logo-bec-ferro-aco.jpg","contentUrl":"http:\/\/becferroeaco.com.br\/construcao\/wp-content\/uploads\/2023\/06\/logo-bec-ferro-aco.jpg","width":800,"height":800,"caption":"BEC Ferro e A\u00e7o - Bastos Engenharia e Constru\u00e7\u00e3o Civil"},"image":{"@id":"https:\/\/becferroeaco.com.br\/construcao\/#\/schema\/logo\/image\/"}}]}},"_links":{"self":[{"href":"https:\/\/becferroeaco.com.br\/construcao\/wp-json\/wp\/v2\/product\/211"}],"collection":[{"href":"https:\/\/becferroeaco.com.br\/construcao\/wp-json\/wp\/v2\/product"}],"about":[{"href":"https:\/\/becferroeaco.com.br\/construcao\/wp-json\/wp\/v2\/types\/product"}],"replies":[{"embeddable":true,"href":"https:\/\/becferroeaco.com.br\/construcao\/wp-json\/wp\/v2\/comments?post=211"}],"wp:featuredmedia":[{"embeddable":true,"href":"https:\/\/becferroeaco.com.br\/construcao\/wp-json\/wp\/v2\/media\/398"}],"wp:attachment":[{"href":"https:\/\/becferroeaco.com.br\/construcao\/wp-json\/wp\/v2\/media?parent=211"}],"wp:term":[{"taxonomy":"product_cat","embeddable":true,"href":"https:\/\/becferroeaco.com.br\/construcao\/wp-json\/wp\/v2\/product_cat?post=211"},{"taxonomy":"product_tag","embeddable":true,"href":"https:\/\/becferroeaco.com.br\/construcao\/wp-json\/wp\/v2\/product_tag?post=211"}],"curies":[{"name":"wp","href":"https:\/\/api.w.org\/{rel}","templated":true}]}}