{"id":842,"date":"2024-07-30T21:44:07","date_gmt":"2024-07-31T00:44:07","guid":{"rendered":"https:\/\/becferroeaco.com.br\/construcao\/?post_type=product&#038;p=842"},"modified":"2024-08-18T11:29:36","modified_gmt":"2024-08-18T14:29:36","slug":"vergalhao-ca50-soldavel-10mm-12m-aco-nervurado","status":"publish","type":"product","link":"https:\/\/becferroeaco.com.br\/construcao\/catalogo\/produtos\/vergalhoes\/vergalhao-ca50-soldavel-10mm-12m-aco-nervurado\/","title":{"rendered":"Vergalh\u00e3o CA50 Sold\u00e1vel 10mm 12m A\u00e7o Nervurado"},"content":{"rendered":"<p><a href=\"http:\/\/becferroeaco.com.br\/construcao\/wp-content\/uploads\/2023\/06\/vergalhao-ca50-soldavel-tabela-a.jpg\" rel=\"lightbox[842]\"><img loading=\"lazy\" decoding=\"async\" class=\"alignnone size-full wp-image-258\" src=\"http:\/\/becferroeaco.com.br\/construcao\/wp-content\/uploads\/2023\/06\/vergalhao-ca50-soldavel-tabela-a.jpg\" alt=\"Vergalh\u00e3o CA50 Sold\u00e1vel - A\u00e7o Nervurado - Tabela\" width=\"900\" height=\"365\" srcset=\"https:\/\/becferroeaco.com.br\/construcao\/wp-content\/uploads\/2023\/06\/vergalhao-ca50-soldavel-tabela-a.jpg 900w, https:\/\/becferroeaco.com.br\/construcao\/wp-content\/uploads\/2023\/06\/vergalhao-ca50-soldavel-tabela-a-600x243.jpg 600w, https:\/\/becferroeaco.com.br\/construcao\/wp-content\/uploads\/2023\/06\/vergalhao-ca50-soldavel-tabela-a-300x122.jpg 300w, https:\/\/becferroeaco.com.br\/construcao\/wp-content\/uploads\/2023\/06\/vergalhao-ca50-soldavel-tabela-a-768x311.jpg 768w\" sizes=\"(max-width: 900px) 100vw, 900px\" \/><\/a><a href=\"http:\/\/becferroeaco.com.br\/construcao\/wp-content\/uploads\/2023\/06\/vergalhao-ca50-soldavel-tabela-b.jpg\" rel=\"lightbox[842]\"><img loading=\"lazy\" decoding=\"async\" class=\"alignnone size-full wp-image-259\" src=\"http:\/\/becferroeaco.com.br\/construcao\/wp-content\/uploads\/2023\/06\/vergalhao-ca50-soldavel-tabela-b.jpg\" alt=\"Vergalh\u00e3o CA50 Sold\u00e1vel - A\u00e7o Nervurado - Tabela B\" width=\"900\" height=\"305\" srcset=\"https:\/\/becferroeaco.com.br\/construcao\/wp-content\/uploads\/2023\/06\/vergalhao-ca50-soldavel-tabela-b.jpg 900w, https:\/\/becferroeaco.com.br\/construcao\/wp-content\/uploads\/2023\/06\/vergalhao-ca50-soldavel-tabela-b-600x203.jpg 600w, https:\/\/becferroeaco.com.br\/construcao\/wp-content\/uploads\/2023\/06\/vergalhao-ca50-soldavel-tabela-b-300x102.jpg 300w, https:\/\/becferroeaco.com.br\/construcao\/wp-content\/uploads\/2023\/06\/vergalhao-ca50-soldavel-tabela-b-768x260.jpg 768w\" sizes=\"(max-width: 900px) 100vw, 900px\" \/><\/a><\/p>\n","protected":false},"excerpt":{"rendered":"<div class=\"wp-block-button has-custom-font-size has-small-font-size mb-4\" style=\"font-style:normal;font-weight:700\"><a class=\"wp-block-button__link has-background wp-element-button\" href=\"https:\/\/wa.me\/\/5511953231523?text=Muito%20obrigado%20pelo%20contato.%20Clique%20para%20iniciar%20a%20conversa%20com%20a%20BEC%20Ferro%20e%20A%C3%A7o\" style=\"background-color:#be1919; color:#fff;\" target=\"_blank\" rel=\"noreferrer noopener\">Or\u00e7amento via WhatsApp<\/a><\/div>\n<p>A\u00e7o laminado a quente, fabricado com superf\u00edcie nervurada, o <strong>vergalh\u00e3o CA50 sold\u00e1vel<\/strong>, em virtude de sua composi\u00e7\u00e3o qu\u00edmica restrita, apresenta uma soldabilidade bastante superior \u00e0 do CA50 convencional.<\/p>\n<p>Para dar mais agilidade no canteiro de obras, este <strong>vergalh\u00e3o<\/strong> pode ser encomendado j\u00e1 cortado, ou dobrado de acordo com seu projeto, eliminando desta forma, o desperd\u00edcio de material, ajudando a reduzir custos.<\/p>\n<p>\u00c9 normalmente utilizado em funda\u00e7\u00f5es e conten\u00e7\u00f5es, infraestrutura, pilares e vigas, paredes de concreto e lajes.<\/p>\n<h3>Deseja mais informa\u00e7\u00f5es sobre Vergalh\u00e3o CA50 Sold\u00e1vel 10mm 12m A\u00e7o Nervurado?<\/h3>\n<p>Entre em contato pelo <strong><a class=\"addlinkredcolor\" href=\"https:\/\/wa.me\/\/5511953231523?text=Muito%20obrigado%20pelo%20contato.%20Clique%20para%20iniciar%20a%20conversa%20com%20a%20BEC%20Ferro%20e%20A%C3%A7o\" target=\"_blank\" rel=\"noreferrer noopener\">whatsapp <i class=\"fa-brands fa-whatsapp\" aria-hidden=\"true\"><\/i> 11 95323-1523<\/a><\/strong>.<\/p>\n<p>Para a garantia de seguran\u00e7a e resist\u00eancia de nossa linha de produtos, trabalhamos rigorosamente com fornecedores que cumprem as especifica\u00e7\u00f5es da norma NBR 7480.<\/p>\n<p>Al\u00e9m da praticidade em seu manuseio, o <strong>vergalh\u00e3o em a\u00e7o nervurado CA50 sold\u00e1vel<\/strong> \u00e9 muito eficiente no combate \u00e0 fissura\u00e7\u00e3o do concreto, oferece \u00f3tima ader\u00eancia do a\u00e7o ao concreto, al\u00e9m de uma melhor ancoragem nas estruturas.<\/p>\n","protected":false},"featured_media":843,"comment_status":"open","ping_status":"closed","template":"","meta":[],"product_cat":[20],"product_tag":[39],"acf":[],"yoast_head":"<!-- This site is optimized with the Yoast SEO plugin v21.7 - https:\/\/yoast.com\/wordpress\/plugins\/seo\/ -->\n<title>Vergalh\u00e3o CA50 Sold\u00e1vel 10mm 12m Nervurado - BEC Ferro e A\u00e7o<\/title>\n<meta name=\"description\" content=\"O vergalh\u00e3o CA50 sold\u00e1vel nervurado 10mm, em virtude de sua composi\u00e7\u00e3o qu\u00edmica restrita, apresenta uma soldabilidade bastante superior ao convencional.\" \/>\n<meta name=\"robots\" content=\"index, follow, max-snippet:-1, max-image-preview:large, max-video-preview:-1\" \/>\n<link rel=\"canonical\" href=\"https:\/\/becferroeaco.com.br\/construcao\/catalogo\/produtos\/vergalhoes\/vergalhao-ca50-soldavel-10mm-12m-aco-nervurado\/\" \/>\n<meta property=\"og:locale\" content=\"pt_BR\" \/>\n<meta property=\"og:type\" content=\"article\" \/>\n<meta property=\"og:title\" content=\"Vergalh\u00e3o CA50 Sold\u00e1vel 10mm 12m Nervurado - BEC Ferro e A\u00e7o\" \/>\n<meta property=\"og:description\" content=\"O vergalh\u00e3o CA50 sold\u00e1vel nervurado 10mm, em virtude de sua composi\u00e7\u00e3o qu\u00edmica restrita, apresenta uma soldabilidade bastante superior ao convencional.\" \/>\n<meta property=\"og:url\" content=\"https:\/\/becferroeaco.com.br\/construcao\/catalogo\/produtos\/vergalhoes\/vergalhao-ca50-soldavel-10mm-12m-aco-nervurado\/\" \/>\n<meta property=\"og:site_name\" content=\"BEC Ferro e A\u00e7o - Bastos Engenharia e Constru\u00e7\u00e3o Civil\" \/>\n<meta property=\"article:modified_time\" content=\"2024-08-18T14:29:36+00:00\" \/>\n<meta property=\"og:image\" content=\"https:\/\/becferroeaco.com.br\/construcao\/wp-content\/uploads\/2024\/07\/imagem-1920x1080-padrao-vergalhao.webp\" \/>\n\t<meta property=\"og:image:width\" content=\"1920\" \/>\n\t<meta property=\"og:image:height\" content=\"1080\" \/>\n\t<meta property=\"og:image:type\" content=\"image\/webp\" \/>\n<meta name=\"twitter:card\" content=\"summary_large_image\" \/>\n<meta name=\"twitter:label1\" content=\"Est. tempo de leitura\" \/>\n\t<meta name=\"twitter:data1\" content=\"1 minuto\" \/>\n<script type=\"application\/ld+json\" class=\"yoast-schema-graph\">{\"@context\":\"https:\/\/schema.org\",\"@graph\":[{\"@type\":\"WebPage\",\"@id\":\"https:\/\/becferroeaco.com.br\/construcao\/catalogo\/produtos\/vergalhoes\/vergalhao-ca50-soldavel-10mm-12m-aco-nervurado\/\",\"url\":\"https:\/\/becferroeaco.com.br\/construcao\/catalogo\/produtos\/vergalhoes\/vergalhao-ca50-soldavel-10mm-12m-aco-nervurado\/\",\"name\":\"Vergalh\u00e3o CA50 Sold\u00e1vel 10mm 12m Nervurado - BEC Ferro e A\u00e7o\",\"isPartOf\":{\"@id\":\"https:\/\/becferroeaco.com.br\/construcao\/#website\"},\"datePublished\":\"2024-07-31T00:44:07+00:00\",\"dateModified\":\"2024-08-18T14:29:36+00:00\",\"description\":\"O vergalh\u00e3o CA50 sold\u00e1vel nervurado 10mm, em virtude de sua composi\u00e7\u00e3o qu\u00edmica restrita, apresenta uma soldabilidade bastante superior ao convencional.\",\"breadcrumb\":{\"@id\":\"https:\/\/becferroeaco.com.br\/construcao\/catalogo\/produtos\/vergalhoes\/vergalhao-ca50-soldavel-10mm-12m-aco-nervurado\/#breadcrumb\"},\"inLanguage\":\"pt-BR\",\"potentialAction\":[{\"@type\":\"ReadAction\",\"target\":[\"https:\/\/becferroeaco.com.br\/construcao\/catalogo\/produtos\/vergalhoes\/vergalhao-ca50-soldavel-10mm-12m-aco-nervurado\/\"]}]},{\"@type\":\"BreadcrumbList\",\"@id\":\"https:\/\/becferroeaco.com.br\/construcao\/catalogo\/produtos\/vergalhoes\/vergalhao-ca50-soldavel-10mm-12m-aco-nervurado\/#breadcrumb\",\"itemListElement\":[{\"@type\":\"ListItem\",\"position\":1,\"name\":\"In\u00edcio\",\"item\":\"https:\/\/becferroeaco.com.br\/construcao\/\"},{\"@type\":\"ListItem\",\"position\":2,\"name\":\"Linha Completa de Produtos\",\"item\":\"https:\/\/becferroeaco.com.br\/construcao\/loja\/\"},{\"@type\":\"ListItem\",\"position\":3,\"name\":\"Vergalh\u00e3o CA50 Sold\u00e1vel 10mm 12m A\u00e7o Nervurado\"}]},{\"@type\":\"WebSite\",\"@id\":\"https:\/\/becferroeaco.com.br\/construcao\/#website\",\"url\":\"https:\/\/becferroeaco.com.br\/construcao\/\",\"name\":\"BEC Ferro e A\u00e7o - Bastos Engenharia e Constru\u00e7\u00e3o Civil\",\"description\":\"Fabrica\u00e7\u00e3o e com\u00e9rcio de vergalh\u00f5es, arma\u00e7\u00f5es sob medida, arames, pregos, entre outros\",\"publisher\":{\"@id\":\"https:\/\/becferroeaco.com.br\/construcao\/#organization\"},\"potentialAction\":[{\"@type\":\"SearchAction\",\"target\":{\"@type\":\"EntryPoint\",\"urlTemplate\":\"https:\/\/becferroeaco.com.br\/construcao\/?s={search_term_string}\"},\"query-input\":\"required name=search_term_string\"}],\"inLanguage\":\"pt-BR\"},{\"@type\":\"Organization\",\"@id\":\"https:\/\/becferroeaco.com.br\/construcao\/#organization\",\"name\":\"BEC Ferro e A\u00e7o - Bastos Engenharia e Constru\u00e7\u00e3o Civil\",\"url\":\"https:\/\/becferroeaco.com.br\/construcao\/\",\"logo\":{\"@type\":\"ImageObject\",\"inLanguage\":\"pt-BR\",\"@id\":\"https:\/\/becferroeaco.com.br\/construcao\/#\/schema\/logo\/image\/\",\"url\":\"http:\/\/becferroeaco.com.br\/construcao\/wp-content\/uploads\/2023\/06\/logo-bec-ferro-aco.jpg\",\"contentUrl\":\"http:\/\/becferroeaco.com.br\/construcao\/wp-content\/uploads\/2023\/06\/logo-bec-ferro-aco.jpg\",\"width\":800,\"height\":800,\"caption\":\"BEC Ferro e A\u00e7o - Bastos Engenharia e Constru\u00e7\u00e3o Civil\"},\"image\":{\"@id\":\"https:\/\/becferroeaco.com.br\/construcao\/#\/schema\/logo\/image\/\"}}]}<\/script>\n<!-- \/ Yoast SEO plugin. -->","yoast_head_json":{"title":"Vergalh\u00e3o CA50 Sold\u00e1vel 10mm 12m Nervurado - BEC Ferro e A\u00e7o","description":"O vergalh\u00e3o CA50 sold\u00e1vel nervurado 10mm, em virtude de sua composi\u00e7\u00e3o qu\u00edmica restrita, apresenta uma soldabilidade bastante superior ao convencional.","robots":{"index":"index","follow":"follow","max-snippet":"max-snippet:-1","max-image-preview":"max-image-preview:large","max-video-preview":"max-video-preview:-1"},"canonical":"https:\/\/becferroeaco.com.br\/construcao\/catalogo\/produtos\/vergalhoes\/vergalhao-ca50-soldavel-10mm-12m-aco-nervurado\/","og_locale":"pt_BR","og_type":"article","og_title":"Vergalh\u00e3o CA50 Sold\u00e1vel 10mm 12m Nervurado - BEC Ferro e A\u00e7o","og_description":"O vergalh\u00e3o CA50 sold\u00e1vel nervurado 10mm, em virtude de sua composi\u00e7\u00e3o qu\u00edmica restrita, apresenta uma soldabilidade bastante superior ao convencional.","og_url":"https:\/\/becferroeaco.com.br\/construcao\/catalogo\/produtos\/vergalhoes\/vergalhao-ca50-soldavel-10mm-12m-aco-nervurado\/","og_site_name":"BEC Ferro e A\u00e7o - Bastos Engenharia e Constru\u00e7\u00e3o Civil","article_modified_time":"2024-08-18T14:29:36+00:00","og_image":[{"width":1920,"height":1080,"url":"https:\/\/becferroeaco.com.br\/construcao\/wp-content\/uploads\/2024\/07\/imagem-1920x1080-padrao-vergalhao.webp","type":"image\/webp"}],"twitter_card":"summary_large_image","twitter_misc":{"Est. tempo de leitura":"1 minuto"},"schema":{"@context":"https:\/\/schema.org","@graph":[{"@type":"WebPage","@id":"https:\/\/becferroeaco.com.br\/construcao\/catalogo\/produtos\/vergalhoes\/vergalhao-ca50-soldavel-10mm-12m-aco-nervurado\/","url":"https:\/\/becferroeaco.com.br\/construcao\/catalogo\/produtos\/vergalhoes\/vergalhao-ca50-soldavel-10mm-12m-aco-nervurado\/","name":"Vergalh\u00e3o CA50 Sold\u00e1vel 10mm 12m Nervurado - BEC Ferro e A\u00e7o","isPartOf":{"@id":"https:\/\/becferroeaco.com.br\/construcao\/#website"},"datePublished":"2024-07-31T00:44:07+00:00","dateModified":"2024-08-18T14:29:36+00:00","description":"O vergalh\u00e3o CA50 sold\u00e1vel nervurado 10mm, em virtude de sua composi\u00e7\u00e3o qu\u00edmica restrita, apresenta uma soldabilidade bastante superior ao convencional.","breadcrumb":{"@id":"https:\/\/becferroeaco.com.br\/construcao\/catalogo\/produtos\/vergalhoes\/vergalhao-ca50-soldavel-10mm-12m-aco-nervurado\/#breadcrumb"},"inLanguage":"pt-BR","potentialAction":[{"@type":"ReadAction","target":["https:\/\/becferroeaco.com.br\/construcao\/catalogo\/produtos\/vergalhoes\/vergalhao-ca50-soldavel-10mm-12m-aco-nervurado\/"]}]},{"@type":"BreadcrumbList","@id":"https:\/\/becferroeaco.com.br\/construcao\/catalogo\/produtos\/vergalhoes\/vergalhao-ca50-soldavel-10mm-12m-aco-nervurado\/#breadcrumb","itemListElement":[{"@type":"ListItem","position":1,"name":"In\u00edcio","item":"https:\/\/becferroeaco.com.br\/construcao\/"},{"@type":"ListItem","position":2,"name":"Linha Completa de Produtos","item":"https:\/\/becferroeaco.com.br\/construcao\/loja\/"},{"@type":"ListItem","position":3,"name":"Vergalh\u00e3o CA50 Sold\u00e1vel 10mm 12m A\u00e7o Nervurado"}]},{"@type":"WebSite","@id":"https:\/\/becferroeaco.com.br\/construcao\/#website","url":"https:\/\/becferroeaco.com.br\/construcao\/","name":"BEC Ferro e A\u00e7o - Bastos Engenharia e Constru\u00e7\u00e3o Civil","description":"Fabrica\u00e7\u00e3o e com\u00e9rcio de vergalh\u00f5es, arma\u00e7\u00f5es sob medida, arames, pregos, entre outros","publisher":{"@id":"https:\/\/becferroeaco.com.br\/construcao\/#organization"},"potentialAction":[{"@type":"SearchAction","target":{"@type":"EntryPoint","urlTemplate":"https:\/\/becferroeaco.com.br\/construcao\/?s={search_term_string}"},"query-input":"required name=search_term_string"}],"inLanguage":"pt-BR"},{"@type":"Organization","@id":"https:\/\/becferroeaco.com.br\/construcao\/#organization","name":"BEC Ferro e A\u00e7o - Bastos Engenharia e Constru\u00e7\u00e3o Civil","url":"https:\/\/becferroeaco.com.br\/construcao\/","logo":{"@type":"ImageObject","inLanguage":"pt-BR","@id":"https:\/\/becferroeaco.com.br\/construcao\/#\/schema\/logo\/image\/","url":"http:\/\/becferroeaco.com.br\/construcao\/wp-content\/uploads\/2023\/06\/logo-bec-ferro-aco.jpg","contentUrl":"http:\/\/becferroeaco.com.br\/construcao\/wp-content\/uploads\/2023\/06\/logo-bec-ferro-aco.jpg","width":800,"height":800,"caption":"BEC Ferro e A\u00e7o - Bastos Engenharia e Constru\u00e7\u00e3o Civil"},"image":{"@id":"https:\/\/becferroeaco.com.br\/construcao\/#\/schema\/logo\/image\/"}}]}},"_links":{"self":[{"href":"https:\/\/becferroeaco.com.br\/construcao\/wp-json\/wp\/v2\/product\/842"}],"collection":[{"href":"https:\/\/becferroeaco.com.br\/construcao\/wp-json\/wp\/v2\/product"}],"about":[{"href":"https:\/\/becferroeaco.com.br\/construcao\/wp-json\/wp\/v2\/types\/product"}],"replies":[{"embeddable":true,"href":"https:\/\/becferroeaco.com.br\/construcao\/wp-json\/wp\/v2\/comments?post=842"}],"wp:featuredmedia":[{"embeddable":true,"href":"https:\/\/becferroeaco.com.br\/construcao\/wp-json\/wp\/v2\/media\/843"}],"wp:attachment":[{"href":"https:\/\/becferroeaco.com.br\/construcao\/wp-json\/wp\/v2\/media?parent=842"}],"wp:term":[{"taxonomy":"product_cat","embeddable":true,"href":"https:\/\/becferroeaco.com.br\/construcao\/wp-json\/wp\/v2\/product_cat?post=842"},{"taxonomy":"product_tag","embeddable":true,"href":"https:\/\/becferroeaco.com.br\/construcao\/wp-json\/wp\/v2\/product_tag?post=842"}],"curies":[{"name":"wp","href":"https:\/\/api.w.org\/{rel}","templated":true}]}}